{"id":6919,"date":"2026-04-10T09:06:54","date_gmt":"2026-04-10T06:06:54","guid":{"rendered":"https:\/\/jk-tuoretalo.kotisivut.co\/?page_id=6919"},"modified":"2026-04-10T09:23:24","modified_gmt":"2026-04-10T06:23:24","slug":"vastuullisuus","status":"publish","type":"page","link":"https:\/\/jk-tuoretalo.kotisivut.co\/index.php\/vastuullisuus\/","title":{"rendered":"Vastuullisuus"},"content":{"rendered":"\t\t<div data-elementor-type=\"wp-page\" data-elementor-id=\"6919\" class=\"elementor elementor-6919\" data-elementor-post-type=\"page\">\n\t\t\t\t<div class=\"elementor-element elementor-element-de48112 e-con-full e-flex e-con e-parent\" data-id=\"de48112\" data-element_type=\"container\" data-e-type=\"container\">\n\t\t<div class=\"elementor-element elementor-element-fe8d7d3 e-con-full e-flex e-con e-child\" data-id=\"fe8d7d3\" data-element_type=\"container\" data-e-type=\"container\" data-settings=\"{&quot;background_background&quot;:&quot;classic&quot;}\">\n\t\t\t\t<div class=\"elementor-element elementor-element-80d97b5 elementor-widget elementor-widget-spacer\" data-id=\"80d97b5\" data-element_type=\"widget\" data-e-type=\"widget\" data-widget_type=\"spacer.default\">\n\t\t\t\t\t\t\t<div class=\"elementor-spacer\">\n\t\t\t<div class=\"elementor-spacer-inner\"><\/div>\n\t\t<\/div>\n\t\t\t\t\t\t<\/div>\n\t\t\t\t<\/div>\n\t\t<div class=\"elementor-element elementor-element-dbf18bf e-con-full e-flex e-con e-child\" data-id=\"dbf18bf\" data-element_type=\"container\" data-e-type=\"container\">\n\t\t<div class=\"elementor-element elementor-element-d85c807 e-flex e-con-boxed e-con e-child\" data-id=\"d85c807\" data-element_type=\"container\" data-e-type=\"container\">\n\t\t\t\t\t<div class=\"e-con-inner\">\n\t\t\t\t<div class=\"elementor-element elementor-element-cb63c72 elementor-widget elementor-widget-text-editor\" data-id=\"cb63c72\" data-element_type=\"widget\" data-e-type=\"widget\" data-widget_type=\"text-editor.default\">\n\t\t\t\t\t\t\t\t\t<p>Vastuullisuus<\/p>\t\t\t\t\t\t\t\t<\/div>\n\t\t\t\t<div class=\"elementor-element elementor-element-0dbafc1 elementor-widget elementor-widget-heading\" data-id=\"0dbafc1\" data-element_type=\"widget\" data-e-type=\"widget\" data-widget_type=\"heading.default\">\n\t\t\t\t\t<h2 class=\"elementor-heading-title elementor-size-default\">Turvalliset tuotteet ja korkea laatu<\/h2>\t\t\t\t<\/div>\n\t\t\t\t<div class=\"elementor-element elementor-element-58e95fe elementor-widget elementor-widget-text-editor\" data-id=\"58e95fe\" data-element_type=\"widget\" data-e-type=\"widget\" data-widget_type=\"text-editor.default\">\n\t\t\t\t\t\t\t\t\t<p data-start=\"338\" data-end=\"618\">JK-Tuoretalo Oy valmistaa majoneeseja, maustettuja majoneeseja sek\u00e4 maustekastikkeita teollisuudelle, tukuille ja kuluttajille. Toimintamme l\u00e4ht\u00f6kohtana on varmistaa, ett\u00e4 tuotteemme ovat laadukkaita, tasalaatuisia ja ennen kaikkea turvallisia k\u00e4ytt\u00e4\u00e4 koko niiden elinkaaren ajan.<\/p><p data-start=\"620\" data-end=\"849\">Sitoudumme noudattamaan kaikkia elintarvikelains\u00e4\u00e4d\u00e4nn\u00f6n vaatimuksia sek\u00e4 asiakkaidemme asettamia laatukriteerej\u00e4. Tavoitteenamme on toimittaa tuotteita, jotka t\u00e4ytt\u00e4v\u00e4t sek\u00e4 viranomaisten ett\u00e4 asiakkaiden odotukset \u2013 joka kerta.<\/p>\t\t\t\t\t\t\t\t<\/div>\n\t\t\t\t<div class=\"elementor-element elementor-element-e57a05f elementor-widget elementor-widget-image\" data-id=\"e57a05f\" data-element_type=\"widget\" data-e-type=\"widget\" data-widget_type=\"image.default\">\n\t\t\t\t\t\t\t\t\t\t\t\t\t\t\t<img fetchpriority=\"high\" decoding=\"async\" width=\"800\" height=\"184\" src=\"https:\/\/jk-tuoretalo.kotisivut.co\/wp-content\/uploads\/2026\/04\/Image-4.jpg\" class=\"attachment-full size-full wp-image-6936\" alt=\"\" srcset=\"https:\/\/jk-tuoretalo.kotisivut.co\/wp-content\/uploads\/2026\/04\/Image-4.jpg 800w, https:\/\/jk-tuoretalo.kotisivut.co\/wp-content\/uploads\/2026\/04\/Image-4-300x69.jpg 300w, https:\/\/jk-tuoretalo.kotisivut.co\/wp-content\/uploads\/2026\/04\/Image-4-768x177.jpg 768w, https:\/\/jk-tuoretalo.kotisivut.co\/wp-content\/uploads\/2026\/04\/Image-4-18x4.jpg 18w, https:\/\/jk-tuoretalo.kotisivut.co\/wp-content\/uploads\/2026\/04\/Image-4-600x138.jpg 600w\" sizes=\"(max-width: 800px) 100vw, 800px\" \/>\t\t\t\t\t\t\t\t\t\t\t\t\t\t\t<\/div>\n\t\t\t\t\t<\/div>\n\t\t\t\t<\/div>\n\t\t\t\t<\/div>\n\t\t\t\t<\/div>\n\t\t<div class=\"elementor-element elementor-element-8a0a17b e-flex e-con-boxed e-con e-parent\" data-id=\"8a0a17b\" data-element_type=\"container\" data-e-type=\"container\">\n\t\t\t\t\t<div class=\"e-con-inner\">\n\t\t<div class=\"elementor-element elementor-element-29f80a1 e-grid elementor-hidden-mobile_extra elementor-hidden-mobile e-con-full e-con e-child\" data-id=\"29f80a1\" data-element_type=\"container\" data-e-type=\"container\" data-settings=\"{&quot;background_background&quot;:&quot;classic&quot;}\">\n\t\t\t\t<div class=\"elementor-element elementor-element-5001e3a button-style-theme-link show-line-yes elementor-cta--valign-top style-theme-yes elementor-cta--skin-classic elementor-animated-content elementor-bg-transform elementor-bg-transform-zoom-in elementor-widget elementor-widget-banner\" data-id=\"5001e3a\" data-element_type=\"widget\" data-e-type=\"widget\" data-widget_type=\"banner.default\">\n\t\t\t\t<div class=\"elementor-widget-container\">\n\t\t\t\t\t        <div class=\"elementor-cta\">\n                            <div class=\"elementor-cta__content\">\n                <div class=\"elementor-cta__content-inner\">\n                                    <div class=\"elementor-content-item elementor-cta__content-item elementor-icon-wrapper elementor-cta__icon elementor-view-default\">\n                        <div class=\"elementor-icon\">\n                                                    <\/div>\n                    <\/div>\n                \n                                    <div class=\"elementor-cta__subtitle elementor-cta__content-item elementor-content-item\">\n                        since 2011                    <\/div>\n                \n                <h2 class=\"elementor-cta__title elementor-cta__content-item elementor-content-item\">JK-Tuoretalo<\/h2>\n                                    <div class=\"elementor-cta__description elementor-cta__content-item elementor-content-item\">\n                        Kotimainen elintarvikealan kumppani, joka valmistaa ja toimittaa laadukkaita tuotteita ammattikeitti\u00f6ihin, teollisuudelle ja v\u00e4hitt\u00e4iskauppaan.                    <\/div>\n                \n                                <\/div>\n            <\/div>\n                        <\/div>\n        \t\t\t\t<\/div>\n\t\t\t\t<\/div>\n\t\t\t\t<div class=\"elementor-element elementor-element-e59cff8 button-style-theme-link show-line-yes content-stretch-yes style-theme-yes elementor-cta--valign-top elementor-widget-mobile__width-initial elementor-cta--skin-classic elementor-animated-content elementor-bg-transform elementor-bg-transform-zoom-in elementor-widget elementor-widget-banner\" data-id=\"e59cff8\" data-element_type=\"widget\" data-e-type=\"widget\" data-widget_type=\"banner.default\">\n\t\t\t\t<div class=\"elementor-widget-container\">\n\t\t\t\t\t        <div class=\"elementor-cta\">\n                            <div class=\"elementor-cta__content\">\n                <div class=\"elementor-cta__content-inner\">\n                                    <div class=\"elementor-content-item elementor-cta__content-item elementor-icon-wrapper elementor-cta__icon elementor-view-default\">\n                        <div class=\"elementor-icon\">\n                                                    <\/div>\n                    <\/div>\n                \n                                    <div class=\"elementor-cta__subtitle elementor-cta__content-item elementor-content-item\">\n                        Quality                    <\/div>\n                \n                <h2 class=\"elementor-cta__title elementor-cta__content-item elementor-content-item\">Laadukkaat raaka-aineet<\/h2>\n                                    <div class=\"elementor-cta__description elementor-cta__content-item elementor-content-item\">\n                        K\u00e4yt\u00e4mme huolella valittuja raaka-aineita ja kehit\u00e4mme tuotteita, jotka toimivat luotettavasti ammattikeitti\u00f6iden p\u00e4ivitt\u00e4isess\u00e4 k\u00e4yt\u00f6ss\u00e4.                    <\/div>\n                \n                                <\/div>\n            <\/div>\n                        <\/div>\n        \t\t\t\t<\/div>\n\t\t\t\t<\/div>\n\t\t\t\t<div class=\"elementor-element elementor-element-ad01702 button-style-theme-link show-line-yes content-stretch-yes elementor-cta--valign-top style-theme-yes elementor-widget-mobile__width-initial elementor-cta--skin-classic elementor-animated-content elementor-bg-transform elementor-bg-transform-zoom-in elementor-widget elementor-widget-banner\" data-id=\"ad01702\" data-element_type=\"widget\" data-e-type=\"widget\" data-widget_type=\"banner.default\">\n\t\t\t\t<div class=\"elementor-widget-container\">\n\t\t\t\t\t        <div class=\"elementor-cta\">\n                            <div class=\"elementor-cta__content\">\n                <div class=\"elementor-cta__content-inner\">\n                                    <div class=\"elementor-content-item elementor-cta__content-item elementor-icon-wrapper elementor-cta__icon elementor-view-default\">\n                        <div class=\"elementor-icon\">\n                                                    <\/div>\n                    <\/div>\n                \n                                    <div class=\"elementor-cta__subtitle elementor-cta__content-item elementor-content-item\">\n                        Solutions                    <\/div>\n                \n                <h2 class=\"elementor-cta__title elementor-cta__content-item elementor-content-item\">Tasalaatu ja toimitusvarmuus<\/h2>\n                                    <div class=\"elementor-cta__description elementor-cta__content-item elementor-content-item\">\n                        JK-Tuoretalo panostaa tasalaatuiseen tuotantoon, toimiviin resepteihin ja luotettavaan toimitukseen asiakkailleen.                    <\/div>\n                \n                                <\/div>\n            <\/div>\n                        <\/div>\n        \t\t\t\t<\/div>\n\t\t\t\t<\/div>\n\t\t\t\t<\/div>\n\t\t\t\t\t<\/div>\n\t\t\t\t<\/div>\n\t\t<div class=\"elementor-element elementor-element-f1939d1 e-flex e-con-boxed e-con e-parent\" data-id=\"f1939d1\" data-element_type=\"container\" data-e-type=\"container\">\n\t\t\t\t\t<div class=\"e-con-inner\">\n\t\t<div class=\"elementor-element elementor-element-e51efb5 e-con-full e-flex e-con e-child\" data-id=\"e51efb5\" data-element_type=\"container\" data-e-type=\"container\" data-settings=\"{&quot;background_background&quot;:&quot;classic&quot;}\">\n\t\t<div class=\"elementor-element elementor-element-c751edc e-con-full e-flex e-con e-child\" data-id=\"c751edc\" data-element_type=\"container\" data-e-type=\"container\" data-settings=\"{&quot;background_background&quot;:&quot;classic&quot;}\">\n\t\t\t\t<div class=\"elementor-element elementor-element-6240903 elementor-widget elementor-widget-heading\" data-id=\"6240903\" data-element_type=\"widget\" data-e-type=\"widget\" data-widget_type=\"heading.default\">\n\t\t\t\t\t<h3 class=\"elementor-heading-title elementor-size-default\">FSSC 22000 -sertifioitu tuoteturvallisuus<\/h3>\t\t\t\t<\/div>\n\t\t\t\t<div class=\"elementor-element elementor-element-4866119 elementor-widget elementor-widget-text-editor\" data-id=\"4866119\" data-element_type=\"widget\" data-e-type=\"widget\" data-widget_type=\"text-editor.default\">\n\t\t\t\t\t\t\t\t\t<p data-start=\"907\" data-end=\"1058\">Toimintaamme ohjaa FSSC 22000 -tuoteturvallisuuden hallintaj\u00e4rjestelm\u00e4, jonka avulla tunnistamme ja hallitsemme elintarviketuotantoon liittyv\u00e4t riskit.<\/p><p data-start=\"1060\" data-end=\"1130\">Analysoimme tuotantoprosessimme kriittiset vaiheet, joissa voi synty\u00e4:<\/p><ul data-start=\"1131\" data-end=\"1207\"><li data-section-id=\"bcjc0w\" data-start=\"1131\" data-end=\"1158\">mikrobiologisia riskej\u00e4<\/li><li data-section-id=\"1p2xxax\" data-start=\"1159\" data-end=\"1182\">kemiallisia riskej\u00e4<\/li><li data-section-id=\"mcp028\" data-start=\"1183\" data-end=\"1207\">fysikaalisia riskej\u00e4<\/li><\/ul><p data-start=\"1209\" data-end=\"1416\">N\u00e4ille vaiheille on m\u00e4\u00e4ritelty tarkat ohjearvot, jatkuva seuranta sek\u00e4 selke\u00e4t korjaavat toimenpiteet. N\u00e4in varmistamme, ett\u00e4 tuotantoprosessi pysyy hallinnassa ja tuotteet turvallisina kaikissa tilanteissa.<\/p>\t\t\t\t\t\t\t\t<\/div>\n\t\t\t\t<\/div>\n\t\t<div class=\"elementor-element elementor-element-ac47a92 e-con-full elementor-hidden-tablet elementor-hidden-mobile elementor-hidden-mobile_extra e-flex e-con e-child\" data-id=\"ac47a92\" data-element_type=\"container\" data-e-type=\"container\">\n\t\t\t\t<\/div>\n\t\t\t\t<\/div>\n\t\t<div class=\"elementor-element elementor-element-9e279f7 e-con-full e-flex e-con e-child\" data-id=\"9e279f7\" data-element_type=\"container\" data-e-type=\"container\" data-settings=\"{&quot;background_background&quot;:&quot;classic&quot;}\">\n\t\t<div class=\"elementor-element elementor-element-36a26d0 e-con-full e-flex e-con e-child\" data-id=\"36a26d0\" data-element_type=\"container\" data-e-type=\"container\" data-settings=\"{&quot;background_background&quot;:&quot;classic&quot;}\">\n\t\t\t\t<div class=\"elementor-element elementor-element-86c072f elementor-widget elementor-widget-heading\" data-id=\"86c072f\" data-element_type=\"widget\" data-e-type=\"widget\" data-widget_type=\"heading.default\">\n\t\t\t\t\t<h3 class=\"elementor-heading-title elementor-size-default\">Jatkuva kehitt\u00e4minen ja l\u00e4pin\u00e4kyv\u00e4 toiminta<\/h3>\t\t\t\t<\/div>\n\t\t\t\t<div class=\"elementor-element elementor-element-c2a43b1 elementor-widget elementor-widget-text-editor\" data-id=\"c2a43b1\" data-element_type=\"widget\" data-e-type=\"widget\" data-widget_type=\"text-editor.default\">\n\t\t\t\t\t\t\t\t\t<p data-start=\"1476\" data-end=\"1626\">Vastuullisuus n\u00e4kyy arjessamme jatkuvana kehitt\u00e4misen\u00e4. Hy\u00f6dynn\u00e4mme palautetta, seuraamme toimintaamme ja reagoimme nopeasti mahdollisiin poikkeamiin.<\/p><p data-start=\"1628\" data-end=\"1646\">Tavoitteenamme on:<\/p><ul data-start=\"1647\" data-end=\"1803\"><li data-section-id=\"1mxp1c1\" data-start=\"1647\" data-end=\"1680\">ehk\u00e4ist\u00e4 virheet ennakoivasti<\/li><li data-section-id=\"g2xfvs\" data-start=\"1681\" data-end=\"1724\">parantaa tuoteturvallisuutta jatkuvasti<\/li><li data-section-id=\"gn1wq1\" data-start=\"1725\" data-end=\"1759\">kehitt\u00e4\u00e4 toiminnan tehokkuutta<\/li><li data-section-id=\"1fdbeys\" data-start=\"1760\" data-end=\"1803\">vahvistaa asiakas- ja ty\u00f6tyytyv\u00e4isyytt\u00e4<\/li><\/ul><p data-start=\"1805\" data-end=\"1933\">Viestimme elintarviketurvallisuuteen liittyvist\u00e4 asioista avoimesti sek\u00e4 henkil\u00f6st\u00f6llemme, asiakkaillemme ett\u00e4 toimittajillemme.<\/p>\t\t\t\t\t\t\t\t<\/div>\n\t\t\t\t<\/div>\n\t\t<div class=\"elementor-element elementor-element-2f4fc74 e-con-full elementor-hidden-tablet elementor-hidden-mobile elementor-hidden-mobile_extra e-flex e-con e-child\" data-id=\"2f4fc74\" data-element_type=\"container\" data-e-type=\"container\">\n\t\t\t\t<\/div>\n\t\t\t\t<\/div>\n\t\t\t\t\t<\/div>\n\t\t\t\t<\/div>\n\t\t\t\t<\/div>\n\t\t","protected":false},"excerpt":{"rendered":"<p>Vastuullisuus Turvalliset tuotteet ja korkea laatu JK-Tuoretalo Oy valmistaa majoneeseja, maustettuja majoneeseja sek\u00e4 maustekastikkeita teollisuudelle, tukuille ja kuluttajille. Toimintamme l\u00e4ht\u00f6kohtana on varmistaa, ett\u00e4 tuotteemme ovat laadukkaita, tasalaatuisia ja ennen kaikkea turvallisia k\u00e4ytt\u00e4\u00e4 koko niiden elinkaaren ajan. Sitoudumme noudattamaan kaikkia elintarvikelains\u00e4\u00e4d\u00e4nn\u00f6n vaatimuksia sek\u00e4 asiakkaidemme asettamia laatukriteerej\u00e4. Tavoitteenamme on toimittaa tuotteita, jotka t\u00e4ytt\u00e4v\u00e4t sek\u00e4 viranomaisten ett\u00e4 asiakkaiden [&hellip;]<\/p>\n","protected":false},"author":1,"featured_media":0,"parent":0,"menu_order":0,"comment_status":"closed","ping_status":"closed","template":"template-homepage.php","meta":{"footnotes":""},"class_list":["post-6919","page","type-page","status-publish","hentry"],"_links":{"self":[{"href":"https:\/\/jk-tuoretalo.kotisivut.co\/index.php\/wp-json\/wp\/v2\/pages\/6919","targetHints":{"allow":["GET"]}}],"collection":[{"href":"https:\/\/jk-tuoretalo.kotisivut.co\/index.php\/wp-json\/wp\/v2\/pages"}],"about":[{"href":"https:\/\/jk-tuoretalo.kotisivut.co\/index.php\/wp-json\/wp\/v2\/types\/page"}],"author":[{"embeddable":true,"href":"https:\/\/jk-tuoretalo.kotisivut.co\/index.php\/wp-json\/wp\/v2\/users\/1"}],"replies":[{"embeddable":true,"href":"https:\/\/jk-tuoretalo.kotisivut.co\/index.php\/wp-json\/wp\/v2\/comments?post=6919"}],"version-history":[{"count":16,"href":"https:\/\/jk-tuoretalo.kotisivut.co\/index.php\/wp-json\/wp\/v2\/pages\/6919\/revisions"}],"predecessor-version":[{"id":6946,"href":"https:\/\/jk-tuoretalo.kotisivut.co\/index.php\/wp-json\/wp\/v2\/pages\/6919\/revisions\/6946"}],"wp:attachment":[{"href":"https:\/\/jk-tuoretalo.kotisivut.co\/index.php\/wp-json\/wp\/v2\/media?parent=6919"}],"curies":[{"name":"wp","href":"https:\/\/api.w.org\/{rel}","templated":true}]}}