{"id":7002,"date":"2026-04-10T10:39:56","date_gmt":"2026-04-10T07:39:56","guid":{"rendered":"https:\/\/jk-tuoretalo.kotisivut.co\/?page_id=7002"},"modified":"2026-04-10T10:44:52","modified_gmt":"2026-04-10T07:44:52","slug":"ammattilaisille","status":"publish","type":"page","link":"https:\/\/jk-tuoretalo.kotisivut.co\/index.php\/ammattilaisille\/","title":{"rendered":"Ammattilaisille"},"content":{"rendered":"\t\t<div data-elementor-type=\"wp-page\" data-elementor-id=\"7002\" class=\"elementor elementor-7002\" data-elementor-post-type=\"page\">\n\t\t\t\t\t\t<section class=\"elementor-section elementor-top-section elementor-element elementor-element-e8ba940 elementor-section-boxed elementor-section-height-default elementor-section-height-default\" data-id=\"e8ba940\" data-element_type=\"section\" data-e-type=\"section\" data-settings=\"{&quot;background_background&quot;:&quot;video&quot;,&quot;background_video_link&quot;:&quot;https:\\\/\\\/assets.cdn.filesafe.space\\\/N1RSXw3OzczH513jZrES\\\/media\\\/69d89bcf982fd67a350a5419.mp4&quot;,&quot;background_play_on_mobile&quot;:&quot;yes&quot;,&quot;background_video_start&quot;:0,&quot;background_video_end&quot;:32}\">\n\t\t\t\t\t\t\t\t<div class=\"elementor-background-video-container\">\n\t\t\t\t\t\t\t\t\t\t\t\t\t<video class=\"elementor-background-video-hosted\" role=\"presentation\" autoplay muted playsinline loop><\/video>\n\t\t\t\t\t\t\t\t\t\t\t<\/div>\n\t\t\t\t\t\t\t\t\t<div class=\"elementor-background-overlay\"><\/div>\n\t\t\t\t\t\t\t<div class=\"elementor-container elementor-column-gap-extended\">\n\t\t\t\t\t<div class=\"elementor-column elementor-col-100 elementor-top-column elementor-element elementor-element-0a4b850\" data-id=\"0a4b850\" data-element_type=\"column\" data-e-type=\"column\">\n\t\t\t<div class=\"elementor-widget-wrap elementor-element-populated\">\n\t\t\t\t\t\t<div class=\"elementor-element elementor-element-76c9f16 elementor-widget elementor-widget-heading\" data-id=\"76c9f16\" data-element_type=\"widget\" data-e-type=\"widget\" data-widget_type=\"heading.default\">\n\t\t\t\t\t<h1 class=\"elementor-heading-title elementor-size-default\">Ammattilaisia<\/h1>\t\t\t\t<\/div>\n\t\t\t\t\t<\/div>\n\t\t<\/div>\n\t\t\t\t\t<\/div>\n\t\t<\/section>\n\t\t\t\t<section class=\"elementor-section elementor-top-section elementor-element elementor-element-b003e7f elementor-section-boxed elementor-section-height-default elementor-section-height-default\" data-id=\"b003e7f\" data-element_type=\"section\" data-e-type=\"section\">\n\t\t\t\t\t\t<div class=\"elementor-container elementor-column-gap-default\">\n\t\t\t\t\t<div class=\"elementor-column elementor-col-100 elementor-top-column elementor-element elementor-element-fb2f550\" data-id=\"fb2f550\" data-element_type=\"column\" data-e-type=\"column\">\n\t\t\t<div class=\"elementor-widget-wrap elementor-element-populated\">\n\t\t\t\t\t\t<div class=\"elementor-element elementor-element-41129ff elementor-widget elementor-widget-heading\" data-id=\"41129ff\" data-element_type=\"widget\" data-e-type=\"widget\" data-widget_type=\"heading.default\">\n\t\t\t\t\t<h2 class=\"elementor-heading-title elementor-size-default\">Suurpakkauksista r\u00e4\u00e4t\u00e4l\u00f6ityihin ratkaisuihin<\/h2>\t\t\t\t<\/div>\n\t\t\t\t<div class=\"elementor-element elementor-element-7dbe2e9 elementor-widget elementor-widget-text-editor\" data-id=\"7dbe2e9\" data-element_type=\"widget\" data-e-type=\"widget\" data-widget_type=\"text-editor.default\">\n\t\t\t\t\t\t\t\t\t<p>Suurpakkauksemme on suunniteltu vastaamaan suurkeitti\u00f6iden, hotellien, v\u00e4hitt\u00e4iskaupan, cateringin ja elintarviketeollisuuden tarpeita. Kuluttajakokoisten pakkausvaihtoehtojen lis\u00e4ksi tarjoamme suurempia pakkauksia, joiden koot vaihtelevat 2,5 kilogrammasta 10 kilogrammaan. Voimme my\u00f6s pakata tuotteemme pulloihin (0,5 litraa \u2013 1,0 litraa), dippirasioihin (35 ml \u2013 50 ml) sek\u00e4 teollisuuskokoisiin IBC-s\u00e4ili\u00f6ihin. Pulloihin pakatut tuotteet sopivat esimerkiksi salaattibaareihin tai p\u00f6yt\u00e4mausteiksi, kun taas dippimme tuovat lis\u00e4makua monenlaisiin annoksiin.<\/p><p>JK-Tuoretalo valmistaa my\u00f6s erilaisia majoneesipohjaisia t\u00e4ytteit\u00e4. Jesse-t\u00e4ytteet ovat kustannustehokas ratkaisu naposteltavien tuotteiden (t\u00e4ytetyt patongit, s\u00e4mpyl\u00e4t, kolmioleiv\u00e4t, wrapit, sushi) valmistukseen. T\u00e4ytteiss\u00e4mme on useita liha-, kala-, kana- sek\u00e4 kasvisvaihtoehtoja.<\/p><p>Valmistamme my\u00f6s\u00a0<a href=\"https:\/\/www.jk-tuoretalo.fi\/solutions\/\">Private Label -tuotteita<\/a>.<\/p>\t\t\t\t\t\t\t\t<\/div>\n\t\t\t\t\t<\/div>\n\t\t<\/div>\n\t\t\t\t\t<\/div>\n\t\t<\/section>\n\t\t\t\t<section class=\"elementor-section elementor-top-section elementor-element elementor-element-1206ea0 elementor-section-boxed elementor-section-height-default elementor-section-height-default\" data-id=\"1206ea0\" data-element_type=\"section\" data-e-type=\"section\">\n\t\t\t\t\t\t<div class=\"elementor-container elementor-column-gap-default\">\n\t\t\t\t\t<div class=\"elementor-column elementor-col-100 elementor-top-column elementor-element elementor-element-98e2a05\" data-id=\"98e2a05\" data-element_type=\"column\" data-e-type=\"column\">\n\t\t\t<div class=\"elementor-widget-wrap elementor-element-populated\">\n\t\t\t\t\t\t<div class=\"elementor-element elementor-element-bf96878 elementor-widget elementor-widget-heading\" data-id=\"bf96878\" data-element_type=\"widget\" data-e-type=\"widget\" data-widget_type=\"heading.default\">\n\t\t\t\t\t<h2 class=\"elementor-heading-title elementor-size-default\">Kest\u00e4v\u00e4 <span style=\"color: #77A740\"> <b><i>kehitys<\/i><\/b><\/span> edell\u00e4 <\/h2>\t\t\t\t<\/div>\n\t\t\t\t\t<\/div>\n\t\t<\/div>\n\t\t\t\t\t<\/div>\n\t\t<\/section>\n\t\t\t\t<section class=\"elementor-section elementor-top-section elementor-element elementor-element-76571cd elementor-hidden-mobile_extra elementor-hidden-mobile elementor-section-boxed elementor-section-height-default elementor-section-height-default\" data-id=\"76571cd\" data-element_type=\"section\" data-e-type=\"section\">\n\t\t\t\t\t\t<div class=\"elementor-container elementor-column-gap-extended\">\n\t\t\t\t\t<div class=\"elementor-column elementor-col-25 elementor-top-column elementor-element elementor-element-6829c3d\" data-id=\"6829c3d\" data-element_type=\"column\" data-e-type=\"column\" data-settings=\"{&quot;background_background&quot;:&quot;classic&quot;}\">\n\t\t\t<div class=\"elementor-widget-wrap elementor-element-populated\">\n\t\t\t\t\t\t<div class=\"elementor-element elementor-element-846cc71 elementor-widget elementor-widget-image\" data-id=\"846cc71\" data-element_type=\"widget\" data-e-type=\"widget\" data-widget_type=\"image.default\">\n\t\t\t\t\t\t\t\t\t\t\t\t\t\t\t<img fetchpriority=\"high\" decoding=\"async\" width=\"500\" height=\"500\" src=\"https:\/\/jk-tuoretalo.kotisivut.co\/wp-content\/uploads\/2026\/03\/23.png\" class=\"attachment-large size-large wp-image-6719\" alt=\"\" srcset=\"https:\/\/jk-tuoretalo.kotisivut.co\/wp-content\/uploads\/2026\/03\/23.png 500w, https:\/\/jk-tuoretalo.kotisivut.co\/wp-content\/uploads\/2026\/03\/23-300x300.png 300w, https:\/\/jk-tuoretalo.kotisivut.co\/wp-content\/uploads\/2026\/03\/23-150x150.png 150w, https:\/\/jk-tuoretalo.kotisivut.co\/wp-content\/uploads\/2026\/03\/23-12x12.png 12w, https:\/\/jk-tuoretalo.kotisivut.co\/wp-content\/uploads\/2026\/03\/23-100x100.png 100w\" sizes=\"(max-width: 500px) 100vw, 500px\" \/>\t\t\t\t\t\t\t\t\t\t\t\t\t\t\t<\/div>\n\t\t\t\t<div class=\"elementor-element elementor-element-170447f elementor-widget elementor-widget-heading\" data-id=\"170447f\" data-element_type=\"widget\" data-e-type=\"widget\" data-widget_type=\"heading.default\">\n\t\t\t\t\t<h5 class=\"elementor-heading-title elementor-size-default\">Gluteenittomat tuotteet<\/h5>\t\t\t\t<\/div>\n\t\t\t\t\t<\/div>\n\t\t<\/div>\n\t\t\t\t<div class=\"elementor-column elementor-col-25 elementor-top-column elementor-element elementor-element-932e560\" data-id=\"932e560\" data-element_type=\"column\" data-e-type=\"column\" data-settings=\"{&quot;background_background&quot;:&quot;classic&quot;}\">\n\t\t\t<div class=\"elementor-widget-wrap elementor-element-populated\">\n\t\t\t\t\t\t<div class=\"elementor-element elementor-element-29a1f06 elementor-widget elementor-widget-image\" data-id=\"29a1f06\" data-element_type=\"widget\" data-e-type=\"widget\" data-widget_type=\"image.default\">\n\t\t\t\t\t\t\t\t\t\t\t\t\t\t\t<img decoding=\"async\" width=\"500\" height=\"500\" src=\"https:\/\/jk-tuoretalo.kotisivut.co\/wp-content\/uploads\/2026\/03\/22.png\" class=\"attachment-large size-large wp-image-6720\" alt=\"\" srcset=\"https:\/\/jk-tuoretalo.kotisivut.co\/wp-content\/uploads\/2026\/03\/22.png 500w, https:\/\/jk-tuoretalo.kotisivut.co\/wp-content\/uploads\/2026\/03\/22-300x300.png 300w, https:\/\/jk-tuoretalo.kotisivut.co\/wp-content\/uploads\/2026\/03\/22-150x150.png 150w, https:\/\/jk-tuoretalo.kotisivut.co\/wp-content\/uploads\/2026\/03\/22-12x12.png 12w, https:\/\/jk-tuoretalo.kotisivut.co\/wp-content\/uploads\/2026\/03\/22-100x100.png 100w\" sizes=\"(max-width: 500px) 100vw, 500px\" \/>\t\t\t\t\t\t\t\t\t\t\t\t\t\t\t<\/div>\n\t\t\t\t<div class=\"elementor-element elementor-element-359d04c elementor-widget elementor-widget-heading\" data-id=\"359d04c\" data-element_type=\"widget\" data-e-type=\"widget\" data-widget_type=\"heading.default\">\n\t\t\t\t\t<h5 class=\"elementor-heading-title elementor-size-default\">Vegaaniset tuotteet <\/h5>\t\t\t\t<\/div>\n\t\t\t\t\t<\/div>\n\t\t<\/div>\n\t\t\t\t<div class=\"elementor-column elementor-col-25 elementor-top-column elementor-element elementor-element-e44ce37\" data-id=\"e44ce37\" data-element_type=\"column\" data-e-type=\"column\" data-settings=\"{&quot;background_background&quot;:&quot;classic&quot;}\">\n\t\t\t<div class=\"elementor-widget-wrap elementor-element-populated\">\n\t\t\t\t\t\t<div class=\"elementor-element elementor-element-957f743 elementor-widget elementor-widget-image\" data-id=\"957f743\" data-element_type=\"widget\" data-e-type=\"widget\" data-widget_type=\"image.default\">\n\t\t\t\t\t\t\t\t\t\t\t\t\t\t\t<img decoding=\"async\" width=\"500\" height=\"500\" src=\"https:\/\/jk-tuoretalo.kotisivut.co\/wp-content\/uploads\/2026\/03\/24.png\" class=\"attachment-large size-large wp-image-6721\" alt=\"\" srcset=\"https:\/\/jk-tuoretalo.kotisivut.co\/wp-content\/uploads\/2026\/03\/24.png 500w, https:\/\/jk-tuoretalo.kotisivut.co\/wp-content\/uploads\/2026\/03\/24-300x300.png 300w, https:\/\/jk-tuoretalo.kotisivut.co\/wp-content\/uploads\/2026\/03\/24-150x150.png 150w, https:\/\/jk-tuoretalo.kotisivut.co\/wp-content\/uploads\/2026\/03\/24-12x12.png 12w, https:\/\/jk-tuoretalo.kotisivut.co\/wp-content\/uploads\/2026\/03\/24-100x100.png 100w\" sizes=\"(max-width: 500px) 100vw, 500px\" \/>\t\t\t\t\t\t\t\t\t\t\t\t\t\t\t<\/div>\n\t\t\t\t<div class=\"elementor-element elementor-element-f0c3e78 elementor-widget elementor-widget-heading\" data-id=\"f0c3e78\" data-element_type=\"widget\" data-e-type=\"widget\" data-widget_type=\"heading.default\">\n\t\t\t\t\t<h5 class=\"elementor-heading-title elementor-size-default\">Paikallisesti valmistettu <\/h5>\t\t\t\t<\/div>\n\t\t\t\t\t<\/div>\n\t\t<\/div>\n\t\t\t\t<div class=\"elementor-column elementor-col-25 elementor-top-column elementor-element elementor-element-18be684\" data-id=\"18be684\" data-element_type=\"column\" data-e-type=\"column\" data-settings=\"{&quot;background_background&quot;:&quot;classic&quot;}\">\n\t\t\t<div class=\"elementor-widget-wrap elementor-element-populated\">\n\t\t\t\t\t\t<div class=\"elementor-element elementor-element-d97acd6 elementor-widget elementor-widget-image\" data-id=\"d97acd6\" data-element_type=\"widget\" data-e-type=\"widget\" data-widget_type=\"image.default\">\n\t\t\t\t\t\t\t\t\t\t\t\t\t\t\t<img loading=\"lazy\" decoding=\"async\" width=\"500\" height=\"500\" src=\"https:\/\/jk-tuoretalo.kotisivut.co\/wp-content\/uploads\/2026\/03\/21.png\" class=\"attachment-large size-large wp-image-6722\" alt=\"\" srcset=\"https:\/\/jk-tuoretalo.kotisivut.co\/wp-content\/uploads\/2026\/03\/21.png 500w, https:\/\/jk-tuoretalo.kotisivut.co\/wp-content\/uploads\/2026\/03\/21-300x300.png 300w, https:\/\/jk-tuoretalo.kotisivut.co\/wp-content\/uploads\/2026\/03\/21-150x150.png 150w, https:\/\/jk-tuoretalo.kotisivut.co\/wp-content\/uploads\/2026\/03\/21-12x12.png 12w, https:\/\/jk-tuoretalo.kotisivut.co\/wp-content\/uploads\/2026\/03\/21-100x100.png 100w\" sizes=\"(max-width: 500px) 100vw, 500px\" \/>\t\t\t\t\t\t\t\t\t\t\t\t\t\t\t<\/div>\n\t\t\t\t<div class=\"elementor-element elementor-element-363d5af elementor-widget elementor-widget-heading\" data-id=\"363d5af\" data-element_type=\"widget\" data-e-type=\"widget\" data-widget_type=\"heading.default\">\n\t\t\t\t\t<h5 class=\"elementor-heading-title elementor-size-default\">Ekologiset pakkaukset <\/h5>\t\t\t\t<\/div>\n\t\t\t\t\t<\/div>\n\t\t<\/div>\n\t\t\t\t\t<\/div>\n\t\t<\/section>\n\t\t\t\t<section class=\"elementor-section elementor-top-section elementor-element elementor-element-6d5451b elementor-section-boxed elementor-section-height-default elementor-section-height-default\" data-id=\"6d5451b\" data-element_type=\"section\" data-e-type=\"section\" id=\"privatelabel\" data-settings=\"{&quot;background_background&quot;:&quot;video&quot;,&quot;background_motion_fx_mouseTrack_effect&quot;:&quot;yes&quot;,&quot;background_motion_fx_mouseTrack_speed&quot;:{&quot;unit&quot;:&quot;px&quot;,&quot;size&quot;:0.200000000000000011102230246251565404236316680908203125,&quot;sizes&quot;:[]},&quot;background_video_link&quot;:&quot;https:\\\/\\\/youtu.be\\\/JBz84Th_hV0&quot;,&quot;background_video_start&quot;:0}\">\n\t\t\t\t\t\t\t\t<div class=\"elementor-background-video-container elementor-hidden-mobile\">\n\t\t\t\t\t\t\t\t\t\t\t\t\t<div class=\"elementor-background-video-embed\" role=\"presentation\"><\/div>\n\t\t\t\t\t\t\t\t\t\t\t\t<\/div>\n\t\t\t\t\t\t\t\t\t<div class=\"elementor-background-overlay\"><\/div>\n\t\t\t\t\t\t\t<div class=\"elementor-container elementor-column-gap-extended\">\n\t\t\t\t\t<div class=\"elementor-column elementor-col-50 elementor-top-column elementor-element elementor-element-ce7c4f5\" data-id=\"ce7c4f5\" data-element_type=\"column\" data-e-type=\"column\">\n\t\t\t<div class=\"elementor-widget-wrap elementor-element-populated\">\n\t\t\t\t\t\t<div class=\"elementor-element elementor-element-c33d35c elementor-widget elementor-widget-heading\" data-id=\"c33d35c\" data-element_type=\"widget\" data-e-type=\"widget\" data-widget_type=\"heading.default\">\n\t\t\t\t\t<h3 class=\"elementor-heading-title elementor-size-default\">Private Label -tuotteet<\/h3>\t\t\t\t<\/div>\n\t\t\t\t<div class=\"elementor-element elementor-element-9ad06db elementor-widget elementor-widget-text-editor\" data-id=\"9ad06db\" data-element_type=\"widget\" data-e-type=\"widget\" data-widget_type=\"text-editor.default\">\n\t\t\t\t\t\t\t\t\t<p>Valmistamme my\u00f6s Private Label -tuotteita ja r\u00e4\u00e4t\u00e4l\u00f6imme kastikkeet, dipit ja majoneesit juuri sinun br\u00e4ndisi n\u00e4k\u00f6isiksi \u2013 ja makuisiksi.<\/p><p>Olitpa sitten v\u00e4hitt\u00e4iskauppias, elintarvikkeiden jakelija tai ravintolaketju, joka haluaa vahvistaa br\u00e4ndi-identiteetti\u00e4\u00e4n, me autamme sinua koko prosessin ajan \u2013 aina reseptin kehityksest\u00e4 pakkausuunnitteluun \u2013\u00a0 ja varmistamme, ett\u00e4 tuotteet heijastavat br\u00e4ndisi arvoja ja tarjoavat makuel\u00e4myksi\u00e4, joista teid\u00e4t tunnetaan.<\/p><p>Kehitet\u00e4\u00e4n yhdess\u00e4 juuri teille sopiva tuote!<\/p>\t\t\t\t\t\t\t\t<\/div>\n\t\t\t\t<div class=\"elementor-element elementor-element-da223e0 elementor-align-left elementor-button-default elementor-widget elementor-widget-button\" data-id=\"da223e0\" data-element_type=\"widget\" data-e-type=\"widget\" data-widget_type=\"button.default\">\n\t\t\t\t\t\t\t\t\t\t<a class=\"elementor-button elementor-button-link elementor-size-sm\" href=\"https:\/\/jk-tuoretalo.kotisivut.co\/index.php\/contact\/\">\n\t\t\t\t\t\t<span class=\"elementor-button-content-wrapper\">\n\t\t\t\t\t\t\t\t\t<span class=\"elementor-button-text\">Ota Yhteytt\u00e4<\/span>\n\t\t\t\t\t<\/span>\n\t\t\t\t\t<\/a>\n\t\t\t\t\t\t\t\t<\/div>\n\t\t\t\t\t<\/div>\n\t\t<\/div>\n\t\t\t\t<div class=\"elementor-column elementor-col-50 elementor-top-column elementor-element elementor-element-4d97620\" data-id=\"4d97620\" data-element_type=\"column\" data-e-type=\"column\">\n\t\t\t<div class=\"elementor-widget-wrap\">\n\t\t\t\t\t\t\t<\/div>\n\t\t<\/div>\n\t\t\t\t\t<\/div>\n\t\t<\/section>\n\t\t\t\t<section class=\"elementor-section elementor-top-section elementor-element elementor-element-7ac7fb6 elementor-section-boxed elementor-section-height-default elementor-section-height-default\" data-id=\"7ac7fb6\" data-element_type=\"section\" data-e-type=\"section\" data-settings=\"{&quot;background_background&quot;:&quot;classic&quot;}\">\n\t\t\t\t\t\t<div class=\"elementor-container elementor-column-gap-extended\">\n\t\t\t\t\t<div class=\"elementor-column elementor-col-100 elementor-top-column elementor-element elementor-element-e09a0f6\" data-id=\"e09a0f6\" data-element_type=\"column\" data-e-type=\"column\">\n\t\t\t<div class=\"elementor-widget-wrap elementor-element-populated\">\n\t\t\t\t\t\t<div class=\"elementor-element elementor-element-d7e8569 elementor-widget elementor-widget-heading\" data-id=\"d7e8569\" data-element_type=\"widget\" data-e-type=\"widget\" data-widget_type=\"heading.default\">\n\t\t\t\t\t<h3 class=\"elementor-heading-title elementor-size-default\">Pakkaukset suurkeitti\u00f6ille<\/h3>\t\t\t\t<\/div>\n\t\t\t\t<div class=\"elementor-element elementor-element-8e250af elementor-widget elementor-widget-text-editor\" data-id=\"8e250af\" data-element_type=\"widget\" data-e-type=\"widget\" data-widget_type=\"text-editor.default\">\n\t\t\t\t\t\t\t\t\t<p>Suurpakkauksemme on suunniteltu vastaamaan suurkeitti\u00f6iden ja elintarviketeollisuuden vaatimuksia.<\/p><p>Kuluttajakokoisten pakkausvaihtoehtojen lis\u00e4ksi tarjoamme my\u00f6s suurpakkauksia, joiden koot vaihtelevat 2,5 kilogrammasta 10 kilogrammaan. Voimme my\u00f6s pakata tuotteemme pulloihin (0,5 litraa &#8211; 1,0 litraa), dippirasioihin (35 ml &#8211; 50 ml) sek\u00e4 teollisuuskokoisiin IBC-s\u00e4ili\u00f6ihin. Pullot sopivat esimerkiksi salaatteihin tai p\u00f6yt\u00e4mausteiksi, dipit puolestaan tuovat lis\u00e4makua monenlaisiin annoksiin.<\/p>\t\t\t\t\t\t\t\t<\/div>\n\t\t\t\t<div class=\"elementor-element elementor-element-d5b6a5c elementor-align-left elementor-button-default elementor-widget elementor-widget-button\" data-id=\"d5b6a5c\" data-element_type=\"widget\" data-e-type=\"widget\" data-widget_type=\"button.default\">\n\t\t\t\t\t\t\t\t\t\t<a class=\"elementor-button elementor-button-link elementor-size-sm\" href=\"https:\/\/jk-tuoretalo.kotisivut.co\/index.php\/contact\/\">\n\t\t\t\t\t\t<span class=\"elementor-button-content-wrapper\">\n\t\t\t\t\t\t\t\t\t<span class=\"elementor-button-text\">OTA YHTEYTT\u00c4<\/span>\n\t\t\t\t\t<\/span>\n\t\t\t\t\t<\/a>\n\t\t\t\t\t\t\t\t<\/div>\n\t\t\t\t\t<\/div>\n\t\t<\/div>\n\t\t\t\t\t<\/div>\n\t\t<\/section>\n\t\t\t\t<section class=\"elementor-section elementor-top-section elementor-element elementor-element-5826389 elementor-section-boxed elementor-section-height-default elementor-section-height-default\" data-id=\"5826389\" data-element_type=\"section\" data-e-type=\"section\">\n\t\t\t\t\t\t<div class=\"elementor-container elementor-column-gap-default\">\n\t\t\t\t\t<div class=\"elementor-column elementor-col-100 elementor-top-column elementor-element elementor-element-7144640\" data-id=\"7144640\" data-element_type=\"column\" data-e-type=\"column\">\n\t\t\t<div class=\"elementor-widget-wrap\">\n\t\t\t\t\t\t\t<\/div>\n\t\t<\/div>\n\t\t\t\t\t<\/div>\n\t\t<\/section>\n\t\t\t\t<\/div>\n\t\t","protected":false},"excerpt":{"rendered":"<p>Ammattilaisia Suurpakkauksista r\u00e4\u00e4t\u00e4l\u00f6ityihin ratkaisuihin Suurpakkauksemme on suunniteltu vastaamaan suurkeitti\u00f6iden, hotellien, v\u00e4hitt\u00e4iskaupan, cateringin ja elintarviketeollisuuden tarpeita. Kuluttajakokoisten pakkausvaihtoehtojen lis\u00e4ksi tarjoamme suurempia pakkauksia, joiden koot vaihtelevat 2,5 kilogrammasta 10 kilogrammaan. Voimme my\u00f6s pakata tuotteemme pulloihin (0,5 litraa \u2013 1,0 litraa), dippirasioihin (35 ml \u2013 50 ml) sek\u00e4 teollisuuskokoisiin IBC-s\u00e4ili\u00f6ihin. Pulloihin pakatut tuotteet sopivat esimerkiksi salaattibaareihin tai p\u00f6yt\u00e4mausteiksi, [&hellip;]<\/p>\n","protected":false},"author":1,"featured_media":0,"parent":0,"menu_order":0,"comment_status":"closed","ping_status":"closed","template":"elementor_header_footer","meta":{"footnotes":""},"class_list":["post-7002","page","type-page","status-publish","hentry"],"_links":{"self":[{"href":"https:\/\/jk-tuoretalo.kotisivut.co\/index.php\/wp-json\/wp\/v2\/pages\/7002","targetHints":{"allow":["GET"]}}],"collection":[{"href":"https:\/\/jk-tuoretalo.kotisivut.co\/index.php\/wp-json\/wp\/v2\/pages"}],"about":[{"href":"https:\/\/jk-tuoretalo.kotisivut.co\/index.php\/wp-json\/wp\/v2\/types\/page"}],"author":[{"embeddable":true,"href":"https:\/\/jk-tuoretalo.kotisivut.co\/index.php\/wp-json\/wp\/v2\/users\/1"}],"replies":[{"embeddable":true,"href":"https:\/\/jk-tuoretalo.kotisivut.co\/index.php\/wp-json\/wp\/v2\/comments?post=7002"}],"version-history":[{"count":7,"href":"https:\/\/jk-tuoretalo.kotisivut.co\/index.php\/wp-json\/wp\/v2\/pages\/7002\/revisions"}],"predecessor-version":[{"id":7012,"href":"https:\/\/jk-tuoretalo.kotisivut.co\/index.php\/wp-json\/wp\/v2\/pages\/7002\/revisions\/7012"}],"wp:attachment":[{"href":"https:\/\/jk-tuoretalo.kotisivut.co\/index.php\/wp-json\/wp\/v2\/media?parent=7002"}],"curies":[{"name":"wp","href":"https:\/\/api.w.org\/{rel}","templated":true}]}}