{"id":6511,"date":"2026-03-10T10:37:15","date_gmt":"2026-03-10T08:37:15","guid":{"rendered":"https:\/\/jk-tuoretalo.kotisivut.co\/?post_type=product&#038;p=6511"},"modified":"2026-03-19T13:37:53","modified_gmt":"2026-03-19T11:37:53","slug":"jesse-sitruuna","status":"publish","type":"product","link":"https:\/\/jk-tuoretalo.kotisivut.co\/index.php\/product\/jesse-sitruuna\/","title":{"rendered":"Jesse Sitruuna"},"content":{"rendered":"<details style=\"border: 1px solid #c8dcc8; border-radius: 4px; margin-bottom: 8px; background: #fff;\">\n<summary style=\"padding: 12px 16px; cursor: pointer; font-weight: bold; font-size: 15px; background: #f0f5f0; border-radius: 4px;\">\u25bc Ainesosat<\/summary>\n<div style=\"padding: 12px 16px;\">\n<p>Rypsi-rapsi\u00f6ljy, vesi, <strong data-start=\"430\" data-end=\"453\">KANANMUNANKELTAINEN<\/strong>, sitruunamehu, sitruunankuori, sokeri, sitruuna-aromi, <strong data-start=\"509\" data-end=\"520\">SINAPPI<\/strong>, suola, v\u00e4ri (E160a), happamuudens\u00e4\u00e4t\u00f6aineet (E260, E330), stabilointiaineet (E412, E415), s\u00e4il\u00f6nt\u00e4aineet (E202, E211).<\/p>\n<\/div>\n<\/details>\n<details style=\"border: 1px solid #c8dcc8; border-radius: 4px; margin-bottom: 8px; background: #fff;\">\n<summary style=\"padding: 12px 16px; cursor: pointer; font-weight: bold; font-size: 15px; background: #f0f5f0; border-radius: 4px;\">\u25bc Lis\u00e4tietoa<\/summary>\n<div style=\"padding: 12px 16px;\">\n<p><b>Valmistuspaikka:<\/b> Tuusula, Suomi.<\/p>\n<p><b>S\u00e4ilytysohje:<\/b> Alle +6 \u00b0C<\/p>\n<\/div>\n<\/details>\n<details style=\"border: 1px solid #c8dcc8; border-radius: 4px; margin-bottom: 8px; background: #fff;\">\n<summary style=\"padding: 12px 16px; cursor: pointer; font-weight: bold; font-size: 15px; background: #f0f5f0; border-radius: 4px;\">\u25bc Tuotetiedot<\/summary>\n<div style=\"padding: 12px 16px;\">\n<table style=\"width: 100%; border-collapse: collapse; font-size: 14px; margin-top: 8px;\">\n<tbody>\n<tr>\n<th style=\"padding: 8px 10px; border: 1px solid #ccc; text-align: left; background: #eef5ee;\"><\/th>\n<th style=\"padding: 8px 10px; border: 1px solid #ccc; text-align: right; background: #eef5ee;\">Per 100g<\/th>\n<\/tr>\n<tr>\n<td style=\"padding: 6px 10px; border: 1px solid #ddd;\">Energia<\/td>\n<td style=\"padding: 6px 10px; border: 1px solid #ddd; text-align: right;\">2496 kJ \/ 596 kcal<\/td>\n<\/tr>\n<tr>\n<td style=\"padding: 6px 10px; border: 1px solid #ddd;\">Rasva<\/td>\n<td style=\"padding: 6px 10px; border: 1px solid #ddd; text-align: right;\">65,1 g<\/td>\n<\/tr>\n<tr>\n<td style=\"padding: 6px 10px; border: 1px solid #ddd;\">\u2013 josta tyydyttynytt\u00e4<\/td>\n<td style=\"padding: 6px 10px; border: 1px solid #ddd; text-align: right;\">4,9 g<\/td>\n<\/tr>\n<tr>\n<td style=\"padding: 6px 10px; border: 1px solid #ddd;\">Hiilihydraatit<\/td>\n<td style=\"padding: 6px 10px; border: 1px solid #ddd; text-align: right;\">3,4 g<\/td>\n<\/tr>\n<tr>\n<td style=\"padding: 6px 10px; border: 1px solid #ddd;\">\u2013 josta sokereita<\/td>\n<td style=\"padding: 6px 10px; border: 1px solid #ddd; text-align: right;\">3,4 g<\/td>\n<\/tr>\n<tr>\n<td style=\"padding: 6px 10px; border: 1px solid #ddd;\">Proteiini<\/td>\n<td style=\"padding: 6px 10px; border: 1px solid #ddd; text-align: right;\">1,0 g<\/td>\n<\/tr>\n<tr>\n<td style=\"padding: 6px 10px; border: 1px solid #ddd;\">Suola<\/td>\n<td style=\"padding: 6px 10px; border: 1px solid #ddd; text-align: right;\">1,06 g<\/td>\n<\/tr>\n<tr>\n<td style=\"padding: 6px 10px; border: 1px solid #ddd;\">Laktoosi<\/td>\n<td style=\"padding: 6px 10px; border: 1px solid #ddd; text-align: right;\">0 g<\/td>\n<\/tr>\n<\/tbody>\n<\/table>\n<\/div>\n<\/details>\n","protected":false},"excerpt":{"rendered":"<p>Jesse Sitruunamajo on t\u00e4ydellinen yhdistelm\u00e4 raikasta sitruunaa ja samettista majoa, jolla tuot annoksiin pirteytt\u00e4 ja t\u00e4ytel\u00e4isyytt\u00e4.T\u00e4m\u00e4 majo sopii t\u00e4ydellisesti kaikenlaiseen jesseilyyn \u2013 ja tuo annoksiisi raikkaan vivahteen.Laktoositon ja gluteeniton.<\/p>\n","protected":false},"featured_media":6647,"template":"","meta":[],"product_cat":[87],"product_tag":[],"class_list":{"0":"post-6511","1":"product","2":"type-product","3":"status-publish","4":"has-post-thumbnail","6":"product_cat-majot","8":"first","9":"instock","10":"shipping-taxable","11":"product-type-simple"},"_links":{"self":[{"href":"https:\/\/jk-tuoretalo.kotisivut.co\/index.php\/wp-json\/wp\/v2\/product\/6511","targetHints":{"allow":["GET"]}}],"collection":[{"href":"https:\/\/jk-tuoretalo.kotisivut.co\/index.php\/wp-json\/wp\/v2\/product"}],"about":[{"href":"https:\/\/jk-tuoretalo.kotisivut.co\/index.php\/wp-json\/wp\/v2\/types\/product"}],"wp:featuredmedia":[{"embeddable":true,"href":"https:\/\/jk-tuoretalo.kotisivut.co\/index.php\/wp-json\/wp\/v2\/media\/6647"}],"wp:attachment":[{"href":"https:\/\/jk-tuoretalo.kotisivut.co\/index.php\/wp-json\/wp\/v2\/media?parent=6511"}],"wp:term":[{"taxonomy":"product_cat","embeddable":true,"href":"https:\/\/jk-tuoretalo.kotisivut.co\/index.php\/wp-json\/wp\/v2\/product_cat?post=6511"},{"taxonomy":"product_tag","embeddable":true,"href":"https:\/\/jk-tuoretalo.kotisivut.co\/index.php\/wp-json\/wp\/v2\/product_tag?post=6511"}],"curies":[{"name":"wp","href":"https:\/\/api.w.org\/{rel}","templated":true}]}}