{"id":6607,"date":"2026-03-19T11:03:31","date_gmt":"2026-03-19T09:03:31","guid":{"rendered":"https:\/\/jk-tuoretalo.kotisivut.co\/index.php\/product\/jesse-paprikamajo\/"},"modified":"2026-03-19T11:54:08","modified_gmt":"2026-03-19T09:54:08","slug":"jesse-paprikamajo","status":"publish","type":"product","link":"https:\/\/jk-tuoretalo.kotisivut.co\/index.php\/product\/jesse-paprikamajo\/","title":{"rendered":"Jesse Paprikamajo"},"content":{"rendered":"<details style=\"border:1px solid #c8dcc8;border-radius:4px;margin-bottom:8px;background:#fff\">\n<summary style=\"padding:12px 16px;cursor:pointer;font-weight:bold;font-size:15px;background:#f0f5f0;border-radius:4px\">&#9660; Ainesosat<\/summary>\n<div style=\"padding:12px 16px\">\n<p>Rypsi\u00f6ljy, vesi, paahdettu punainen paprika 7 % (EU), kurkku, <strong>kananmunankeltuainen<\/strong>, sokeri, suola, <strong>sinapinsiemen<\/strong>, etikka, sipuli, tomaattirouhe, cayennepippuri, mausteet, happamuudens\u00e4\u00e4t\u00f6aineet (E260, E330), s\u00e4il\u00f6nt\u00e4aineet (E202, E211).<\/p>\n<\/div>\n<\/details>\n<details style=\"border:1px solid #c8dcc8;border-radius:4px;margin-bottom:8px;background:#fff\">\n<summary style=\"padding:12px 16px;cursor:pointer;font-weight:bold;font-size:15px;background:#f0f5f0;border-radius:4px\">&#9660; Tuotetiedot<\/summary>\n<div style=\"padding:12px 16px\">\n<p>Per 100g Annoksessa (15g) Energia\/energi (kJ) -kJ kJ Energia\/energi (kcal) kcal kcal Rasva\/fett g g josta tyydyttynytt\u00e4\/varav m\u00e4ttat fett g g Hiilihydraatit\/kolhydrat g g josta sokereita\/varav socker g g Proteiini\/protein g g Suola\/salt g g<\/p>\n<\/div>\n<\/details>\n","protected":false},"excerpt":{"rendered":"<p>Jesse Paprikamajo on pehme\u00e4n mausteinen majo, joka tuo ruokiin l\u00e4mp\u00f6\u00e4 ilman liiallista potkua.Paprikamajo sopii erinomaisesti yhteen tuoreiden vihannesten kanssa, mutta toimii loistavasti my\u00f6s grilliruokien, salaattien ja suolaisten naposteltavien seurana.Laktoositon ja gluteeniton.<\/p>\n","protected":false},"featured_media":6635,"template":"","meta":[],"product_cat":[87],"product_tag":[],"class_list":{"0":"post-6607","1":"product","2":"type-product","3":"status-publish","4":"has-post-thumbnail","6":"product_cat-majot","8":"first","9":"instock","10":"shipping-taxable","11":"product-type-simple"},"_links":{"self":[{"href":"https:\/\/jk-tuoretalo.kotisivut.co\/index.php\/wp-json\/wp\/v2\/product\/6607","targetHints":{"allow":["GET"]}}],"collection":[{"href":"https:\/\/jk-tuoretalo.kotisivut.co\/index.php\/wp-json\/wp\/v2\/product"}],"about":[{"href":"https:\/\/jk-tuoretalo.kotisivut.co\/index.php\/wp-json\/wp\/v2\/types\/product"}],"wp:featuredmedia":[{"embeddable":true,"href":"https:\/\/jk-tuoretalo.kotisivut.co\/index.php\/wp-json\/wp\/v2\/media\/6635"}],"wp:attachment":[{"href":"https:\/\/jk-tuoretalo.kotisivut.co\/index.php\/wp-json\/wp\/v2\/media?parent=6607"}],"wp:term":[{"taxonomy":"product_cat","embeddable":true,"href":"https:\/\/jk-tuoretalo.kotisivut.co\/index.php\/wp-json\/wp\/v2\/product_cat?post=6607"},{"taxonomy":"product_tag","embeddable":true,"href":"https:\/\/jk-tuoretalo.kotisivut.co\/index.php\/wp-json\/wp\/v2\/product_tag?post=6607"}],"curies":[{"name":"wp","href":"https:\/\/api.w.org\/{rel}","templated":true}]}}