{"id":6611,"date":"2026-03-19T11:03:41","date_gmt":"2026-03-19T09:03:41","guid":{"rendered":"https:\/\/jk-tuoretalo.kotisivut.co\/index.php\/product\/jesse-chipotle-ranch\/"},"modified":"2026-03-19T11:54:05","modified_gmt":"2026-03-19T09:54:05","slug":"jesse-chipotle-ranch","status":"publish","type":"product","link":"https:\/\/jk-tuoretalo.kotisivut.co\/index.php\/product\/jesse-chipotle-ranch\/","title":{"rendered":"Jesse Chipotle Ranch"},"content":{"rendered":"<details style=\"border:1px solid #c8dcc8;border-radius:4px;margin-bottom:8px;background:#fff\">\n<summary style=\"padding:12px 16px;cursor:pointer;font-weight:bold;font-size:15px;background:#f0f5f0;border-radius:4px\">&#9660; Ainesosat<\/summary>\n<div style=\"padding:12px 16px\">\n<p>Rypsi\u00f6ljy (Suomi), vesi, tomaatti, chipotle-jalapeno (ei-EU), <b>keltuainen, <\/b> mausteet (sipuli, valkosipuli, persilja), sokeri, sinapinsiemen, suola, savuaromi, <b>soija<\/b>\u00f6ljy, aromi, happamuudens\u00e4\u00e4t\u00f6aineet (E260, E330), s\u00e4il\u00f6nt\u00e4aineet (E202, E211), stabilointiaineet (E415, E412).<\/p>\n<\/div>\n<\/details>\n<details style=\"border:1px solid #c8dcc8;border-radius:4px;margin-bottom:8px;background:#fff\">\n<summary style=\"padding:12px 16px;cursor:pointer;font-weight:bold;font-size:15px;background:#f0f5f0;border-radius:4px\">&#9660; Lis\u00e4tietoa<\/summary>\n<div style=\"padding:12px 16px\">\n<p><strong>Valmistuspaikka:<\/strong> Tuusula, Suomi.<\/p>\n<p><strong>S\u00e4ilytysohje:<\/strong> Alle +6 \u00b0C<\/p>\n<\/div>\n<\/details>\n<details style=\"border:1px solid #c8dcc8;border-radius:4px;margin-bottom:8px;background:#fff\">\n<summary style=\"padding:12px 16px;cursor:pointer;font-weight:bold;font-size:15px;background:#f0f5f0;border-radius:4px\">&#9660; Tuotetiedot<\/summary>\n<div style=\"padding:12px 16px\">\n<table style=\"width:100%;border-collapse:collapse;font-size:14px;margin-top:8px\">\n<tr>\n<th style=\"padding:8px 10px;border:1px solid #ccc;text-align:left;background:#eef5ee\"> <\/th>\n<th style=\"padding:8px 10px;border:1px solid #ccc;text-align:right;background:#eef5ee\">Per 100g<\/th>\n<th style=\"padding:8px 10px;border:1px solid #ccc;text-align:right;background:#eef5ee\">Annoksessa (15g)<\/th>\n<\/tr>\n<tr>\n<td style=\"padding:6px 10px;border:1px solid #ddd\">Energia (kJ)<\/td>\n<td style=\"padding:6px 10px;border:1px solid #ddd;text-align:right\">1917 kJ<\/td>\n<td style=\"padding:6px 10px;border:1px solid #ddd;text-align:right\">288 kJ<\/td>\n<\/tr>\n<tr>\n<td style=\"padding:6px 10px;border:1px solid #ddd\">Energia (kcal)<\/td>\n<td style=\"padding:6px 10px;border:1px solid #ddd;text-align:right\">458 kcal<\/td>\n<td style=\"padding:6px 10px;border:1px solid #ddd;text-align:right\">69 kcal<\/td>\n<\/tr>\n<tr>\n<td style=\"padding:6px 10px;border:1px solid #ddd\">Rasva<\/td>\n<td style=\"padding:6px 10px;border:1px solid #ddd;text-align:right\">51,7 g<\/td>\n<td style=\"padding:6px 10px;border:1px solid #ddd;text-align:right\">7,8 g<\/td>\n<\/tr>\n<tr>\n<td style=\"padding:6px 10px;border:1px solid #ddd\">\u2013 josta tyydyttynytt\u00e4<\/td>\n<td style=\"padding:6px 10px;border:1px solid #ddd;text-align:right\">2,7 g<\/td>\n<td style=\"padding:6px 10px;border:1px solid #ddd;text-align:right\">0,4 g<\/td>\n<\/tr>\n<tr>\n<td style=\"padding:6px 10px;border:1px solid #ddd\">Hiilihydraatit<\/td>\n<td style=\"padding:6px 10px;border:1px solid #ddd;text-align:right\">9,4 g<\/td>\n<td style=\"padding:6px 10px;border:1px solid #ddd;text-align:right\">1,4 g<\/td>\n<\/tr>\n<tr>\n<td style=\"padding:6px 10px;border:1px solid #ddd\">\u2013 josta sokereita<\/td>\n<td style=\"padding:6px 10px;border:1px solid #ddd;text-align:right\">6,0 g<\/td>\n<td style=\"padding:6px 10px;border:1px solid #ddd;text-align:right\">0,9 g<\/td>\n<\/tr>\n<tr>\n<td style=\"padding:6px 10px;border:1px solid #ddd\">Proteiini<\/td>\n<td style=\"padding:6px 10px;border:1px solid #ddd;text-align:right\">2,8 g<\/td>\n<td style=\"padding:6px 10px;border:1px solid #ddd;text-align:right\">0,4 g<\/td>\n<\/tr>\n<tr>\n<td style=\"padding:6px 10px;border:1px solid #ddd\">Suola<\/td>\n<td style=\"padding:6px 10px;border:1px solid #ddd;text-align:right\">1,00 g<\/td>\n<td style=\"padding:6px 10px;border:1px solid #ddd;text-align:right\">0,15 g<\/td>\n<\/tr>\n<\/table>\n<\/div>\n<\/details>\n","protected":false},"excerpt":{"rendered":"<p>Jesse Chipotle-Ranch yhdist\u00e4\u00e4 savuisan chipotlen ja raikkaan ranchin t\u00e4ytel\u00e4iseksi majoksi, jossa on juuri sopivasti potkua.Sen makuprofiili on pehme\u00e4, mutta luonteikas \u2013 t\u00e4ydellist\u00e4 meksikolaishenkiseen jesseilyyn!Kokeile Jesse Chipotle-ranch -majoa tacojen, quesadillojen tai vaikka grillatun maissin kanssa.Laktoositon ja gluteeniton.<\/p>\n","protected":false},"featured_media":6633,"template":"","meta":[],"product_cat":[87],"product_tag":[],"class_list":{"0":"post-6611","1":"product","2":"type-product","3":"status-publish","4":"has-post-thumbnail","6":"product_cat-majot","8":"first","9":"instock","10":"shipping-taxable","11":"product-type-simple"},"_links":{"self":[{"href":"https:\/\/jk-tuoretalo.kotisivut.co\/index.php\/wp-json\/wp\/v2\/product\/6611","targetHints":{"allow":["GET"]}}],"collection":[{"href":"https:\/\/jk-tuoretalo.kotisivut.co\/index.php\/wp-json\/wp\/v2\/product"}],"about":[{"href":"https:\/\/jk-tuoretalo.kotisivut.co\/index.php\/wp-json\/wp\/v2\/types\/product"}],"wp:featuredmedia":[{"embeddable":true,"href":"https:\/\/jk-tuoretalo.kotisivut.co\/index.php\/wp-json\/wp\/v2\/media\/6633"}],"wp:attachment":[{"href":"https:\/\/jk-tuoretalo.kotisivut.co\/index.php\/wp-json\/wp\/v2\/media?parent=6611"}],"wp:term":[{"taxonomy":"product_cat","embeddable":true,"href":"https:\/\/jk-tuoretalo.kotisivut.co\/index.php\/wp-json\/wp\/v2\/product_cat?post=6611"},{"taxonomy":"product_tag","embeddable":true,"href":"https:\/\/jk-tuoretalo.kotisivut.co\/index.php\/wp-json\/wp\/v2\/product_tag?post=6611"}],"curies":[{"name":"wp","href":"https:\/\/api.w.org\/{rel}","templated":true}]}}