{"id":6613,"date":"2026-03-19T11:03:46","date_gmt":"2026-03-19T09:03:46","guid":{"rendered":"https:\/\/jk-tuoretalo.kotisivut.co\/index.php\/product\/jesse-kurkkumajo\/"},"modified":"2026-03-19T11:54:04","modified_gmt":"2026-03-19T09:54:04","slug":"jesse-kurkkumajo","status":"publish","type":"product","link":"https:\/\/jk-tuoretalo.kotisivut.co\/index.php\/product\/jesse-kurkkumajo\/","title":{"rendered":"Jesse Kurkkumajo"},"content":{"rendered":"<details style=\"border:1px solid #c8dcc8;border-radius:4px;margin-bottom:8px;background:#fff\">\n<summary style=\"padding:12px 16px;cursor:pointer;font-weight:bold;font-size:15px;background:#f0f5f0;border-radius:4px\">&#9660; Ainesosat<\/summary>\n<div style=\"padding:12px 16px\">\n<p>Rypsi\u00f6ljy (Suomi), vesi, kurkku (Suomi), sokeri, <b>k<\/b>eltuainen, <b>sinappi<\/b>, paprika, sipuli, suola, mustapippuri, happamuudens\u00e4\u00e4t\u00f6aineet (E260, E330), s\u00e4il\u00f6nt\u00e4aineet (E202, E211), stabilointiaineet (E415, E412).<\/p>\n<\/div>\n<\/details>\n<details style=\"border:1px solid #c8dcc8;border-radius:4px;margin-bottom:8px;background:#fff\">\n<summary style=\"padding:12px 16px;cursor:pointer;font-weight:bold;font-size:15px;background:#f0f5f0;border-radius:4px\">&#9660; Lis\u00e4tietoa<\/summary>\n<div style=\"padding:12px 16px\">\n<p><strong>Valmistuspaikka:<\/strong> Tuusula, Suomi.<\/p>\n<p><strong>S\u00e4ilytysohje:<\/strong> Alle +6 \u00b0C<\/p>\n<\/div>\n<\/details>\n<details style=\"border:1px solid #c8dcc8;border-radius:4px;margin-bottom:8px;background:#fff\">\n<summary style=\"padding:12px 16px;cursor:pointer;font-weight:bold;font-size:15px;background:#f0f5f0;border-radius:4px\">&#9660; Tuotetiedot<\/summary>\n<div style=\"padding:12px 16px\">\n<table style=\"width:100%;border-collapse:collapse;font-size:14px;margin-top:8px\">\n<tr>\n<th style=\"padding:8px 10px;border:1px solid #ccc;text-align:left;background:#eef5ee\"> <\/th>\n<th style=\"padding:8px 10px;border:1px solid #ccc;text-align:right;background:#eef5ee\">Per 100g<\/th>\n<th style=\"padding:8px 10px;border:1px solid #ccc;text-align:right;background:#eef5ee\">Annoksessa (15g)<\/th>\n<\/tr>\n<tr>\n<td style=\"padding:6px 10px;border:1px solid #ddd\">Energia (kJ)<\/td>\n<td style=\"padding:6px 10px;border:1px solid #ddd;text-align:right\">2223 kJ<\/td>\n<td style=\"padding:6px 10px;border:1px solid #ddd;text-align:right\">333 kJ<\/td>\n<\/tr>\n<tr>\n<td style=\"padding:6px 10px;border:1px solid #ddd\">Energia (kcal)<\/td>\n<td style=\"padding:6px 10px;border:1px solid #ddd;text-align:right\">540 kcal<\/td>\n<td style=\"padding:6px 10px;border:1px solid #ddd;text-align:right\">81 kcal<\/td>\n<\/tr>\n<tr>\n<td style=\"padding:6px 10px;border:1px solid #ddd\">Rasva<\/td>\n<td style=\"padding:6px 10px;border:1px solid #ddd;text-align:right\">58,4 g<\/td>\n<td style=\"padding:6px 10px;border:1px solid #ddd;text-align:right\">8,8 g<\/td>\n<\/tr>\n<tr>\n<td style=\"padding:6px 10px;border:1px solid #ddd\">\u2013 josta tyydyttynytt\u00e4<\/td>\n<td style=\"padding:6px 10px;border:1px solid #ddd;text-align:right\">4,5 g<\/td>\n<td style=\"padding:6px 10px;border:1px solid #ddd;text-align:right\">0,7 g<\/td>\n<\/tr>\n<tr>\n<td style=\"padding:6px 10px;border:1px solid #ddd\">Hiilihydraatit<\/td>\n<td style=\"padding:6px 10px;border:1px solid #ddd;text-align:right\">2,6 g<\/td>\n<td style=\"padding:6px 10px;border:1px solid #ddd;text-align:right\">0,4 g<\/td>\n<\/tr>\n<tr>\n<td style=\"padding:6px 10px;border:1px solid #ddd\">\u2013 josta sokereita<\/td>\n<td style=\"padding:6px 10px;border:1px solid #ddd;text-align:right\">2,1 g<\/td>\n<td style=\"padding:6px 10px;border:1px solid #ddd;text-align:right\">0,31 g<\/td>\n<\/tr>\n<tr>\n<td style=\"padding:6px 10px;border:1px solid #ddd\">Proteiini<\/td>\n<td style=\"padding:6px 10px;border:1px solid #ddd;text-align:right\">1,1 g<\/td>\n<td style=\"padding:6px 10px;border:1px solid #ddd;text-align:right\">0,2 g<\/td>\n<\/tr>\n<tr>\n<td style=\"padding:6px 10px;border:1px solid #ddd\">Suola<\/td>\n<td style=\"padding:6px 10px;border:1px solid #ddd;text-align:right\">1,10 g<\/td>\n<td style=\"padding:6px 10px;border:1px solid #ddd;text-align:right\">0,16 g<\/td>\n<\/tr>\n<\/table>\n<\/div>\n<\/details>\n","protected":false},"excerpt":{"rendered":"<p>Jesse Kurkkumajo on t\u00e4ytel\u00e4isen mieto majo moneen makuun.Kurkkumajo yhdist\u00e4\u00e4 kurkun luonnollisen raikkauden ja majon pehme\u00e4n t\u00e4ytel\u00e4isyyden \u2013 lopputuloksena makupari, joka sopii monipuolisesti kaikenlaiseen jesseilyyn.Kurkkumajo on parhaimmillaan vaalean lihan, kalan, kasvisten ja leipien rinnalla.Laktoositon ja gluteeniton.<\/p>\n","protected":false},"featured_media":6632,"template":"","meta":[],"product_cat":[87],"product_tag":[],"class_list":{"0":"post-6613","1":"product","2":"type-product","3":"status-publish","4":"has-post-thumbnail","6":"product_cat-majot","8":"first","9":"instock","10":"shipping-taxable","11":"product-type-simple"},"_links":{"self":[{"href":"https:\/\/jk-tuoretalo.kotisivut.co\/index.php\/wp-json\/wp\/v2\/product\/6613","targetHints":{"allow":["GET"]}}],"collection":[{"href":"https:\/\/jk-tuoretalo.kotisivut.co\/index.php\/wp-json\/wp\/v2\/product"}],"about":[{"href":"https:\/\/jk-tuoretalo.kotisivut.co\/index.php\/wp-json\/wp\/v2\/types\/product"}],"wp:featuredmedia":[{"embeddable":true,"href":"https:\/\/jk-tuoretalo.kotisivut.co\/index.php\/wp-json\/wp\/v2\/media\/6632"}],"wp:attachment":[{"href":"https:\/\/jk-tuoretalo.kotisivut.co\/index.php\/wp-json\/wp\/v2\/media?parent=6613"}],"wp:term":[{"taxonomy":"product_cat","embeddable":true,"href":"https:\/\/jk-tuoretalo.kotisivut.co\/index.php\/wp-json\/wp\/v2\/product_cat?post=6613"},{"taxonomy":"product_tag","embeddable":true,"href":"https:\/\/jk-tuoretalo.kotisivut.co\/index.php\/wp-json\/wp\/v2\/product_tag?post=6613"}],"curies":[{"name":"wp","href":"https:\/\/api.w.org\/{rel}","templated":true}]}}