{"id":6615,"date":"2026-03-19T11:03:51","date_gmt":"2026-03-19T09:03:51","guid":{"rendered":"https:\/\/jk-tuoretalo.kotisivut.co\/index.php\/product\/jesse-mango-currymajo\/"},"modified":"2026-03-19T11:54:02","modified_gmt":"2026-03-19T09:54:02","slug":"jesse-mango-currymajo","status":"publish","type":"product","link":"https:\/\/jk-tuoretalo.kotisivut.co\/index.php\/product\/jesse-mango-currymajo\/","title":{"rendered":"Jesse Mango-Currymajo"},"content":{"rendered":"<details style=\"border:1px solid #c8dcc8;border-radius:4px;margin-bottom:8px;background:#fff\">\n<summary style=\"padding:12px 16px;cursor:pointer;font-weight:bold;font-size:15px;background:#f0f5f0;border-radius:4px\">&#9660; Ainesosat<\/summary>\n<div style=\"padding:12px 16px\">\n<p>Rypsi\u00f6ljy (Suomi), vesi, mangosose 12 % (ei-EU), <b>kananmunankeltuainen, <\/b>sokeri, <b>sinappi,<\/b> curry, kurkuma, suola, salottisipuli, valkosipuli, chili, sitruunaruoho, galangal, korianteri, juustokumina, kaffirlimetti, v\u00e4ri (E160a), happamuudens\u00e4\u00e4t\u00f6aineet (E260, E330), s\u00e4il\u00f6nt\u00e4aineet (E202, E211), stabilointiaineet (E415, E412).<\/p>\n<\/div>\n<\/details>\n<details style=\"border:1px solid #c8dcc8;border-radius:4px;margin-bottom:8px;background:#fff\">\n<summary style=\"padding:12px 16px;cursor:pointer;font-weight:bold;font-size:15px;background:#f0f5f0;border-radius:4px\">&#9660; Lis\u00e4tietoa<\/summary>\n<div style=\"padding:12px 16px\">\n<p><strong>Valmistuspaikka:<\/strong> Tuusula, Suomi.<\/p>\n<p><strong>S\u00e4ilytysohje:<\/strong> Alle +6 \u00b0C<\/p>\n<\/div>\n<\/details>\n<details style=\"border:1px solid #c8dcc8;border-radius:4px;margin-bottom:8px;background:#fff\">\n<summary style=\"padding:12px 16px;cursor:pointer;font-weight:bold;font-size:15px;background:#f0f5f0;border-radius:4px\">&#9660; Tuotetiedot<\/summary>\n<div style=\"padding:12px 16px\">\n<table style=\"width:100%;border-collapse:collapse;font-size:14px;margin-top:8px\">\n<tr>\n<th style=\"padding:8px 10px;border:1px solid #ccc;text-align:left;background:#eef5ee\"> <\/th>\n<th style=\"padding:8px 10px;border:1px solid #ccc;text-align:right;background:#eef5ee\">Per 100g<\/th>\n<th style=\"padding:8px 10px;border:1px solid #ccc;text-align:right;background:#eef5ee\">Annoksessa (15g)<\/th>\n<\/tr>\n<tr>\n<td style=\"padding:6px 10px;border:1px solid #ddd\">Energia (kJ)<\/td>\n<td style=\"padding:6px 10px;border:1px solid #ddd;text-align:right\">2237 kJ<\/td>\n<td style=\"padding:6px 10px;border:1px solid #ddd;text-align:right\">335 kJ<\/td>\n<\/tr>\n<tr>\n<td style=\"padding:6px 10px;border:1px solid #ddd\">Energia (kcal)<\/td>\n<td style=\"padding:6px 10px;border:1px solid #ddd;text-align:right\">543 kcal<\/td>\n<td style=\"padding:6px 10px;border:1px solid #ddd;text-align:right\">81 kcal<\/td>\n<\/tr>\n<tr>\n<td style=\"padding:6px 10px;border:1px solid #ddd\">Rasva<\/td>\n<td style=\"padding:6px 10px;border:1px solid #ddd;text-align:right\">57,9 g<\/td>\n<td style=\"padding:6px 10px;border:1px solid #ddd;text-align:right\">8,7 g<\/td>\n<\/tr>\n<tr>\n<td style=\"padding:6px 10px;border:1px solid #ddd\">\u2013 josta tyydyttynytt\u00e4<\/td>\n<td style=\"padding:6px 10px;border:1px solid #ddd;text-align:right\">4,4 g<\/td>\n<td style=\"padding:6px 10px;border:1px solid #ddd;text-align:right\">0,7 g<\/td>\n<\/tr>\n<tr>\n<td style=\"padding:6px 10px;border:1px solid #ddd\">Hiilihydraatit<\/td>\n<td style=\"padding:6px 10px;border:1px solid #ddd;text-align:right\">6,0 g<\/td>\n<td style=\"padding:6px 10px;border:1px solid #ddd;text-align:right\">0,9 g<\/td>\n<\/tr>\n<tr>\n<td style=\"padding:6px 10px;border:1px solid #ddd\">\u2013 josta sokereita<\/td>\n<td style=\"padding:6px 10px;border:1px solid #ddd;text-align:right\">4,0 g<\/td>\n<td style=\"padding:6px 10px;border:1px solid #ddd;text-align:right\">0,6 g<\/td>\n<\/tr>\n<tr>\n<td style=\"padding:6px 10px;border:1px solid #ddd\">Proteiini<\/td>\n<td style=\"padding:6px 10px;border:1px solid #ddd;text-align:right\">1,4 g<\/td>\n<td style=\"padding:6px 10px;border:1px solid #ddd;text-align:right\">0,2 g<\/td>\n<\/tr>\n<tr>\n<td style=\"padding:6px 10px;border:1px solid #ddd\">Suola<\/td>\n<td style=\"padding:6px 10px;border:1px solid #ddd;text-align:right\">1,1 g<\/td>\n<td style=\"padding:6px 10px;border:1px solid #ddd;text-align:right\">0,16 g<\/td>\n<\/tr>\n<\/table>\n<\/div>\n<\/details>\n","protected":false},"excerpt":{"rendered":"<p>Jesse Mango-Currymajo tuo ruokaan makean ja mausteisen tasapainon, johon mango tuo hedelm\u00e4isyytt\u00e4 ja curry mausteisuutta.Mango-currymajo sopii erityisesti kanan kanssa, mutta toimii my\u00f6s loistavasti dippin\u00e4 tai vaikkapa grilliherkkujen kaverina.<\/p>\n","protected":false},"featured_media":6631,"template":"","meta":[],"product_cat":[87],"product_tag":[],"class_list":{"0":"post-6615","1":"product","2":"type-product","3":"status-publish","4":"has-post-thumbnail","6":"product_cat-majot","8":"first","9":"instock","10":"shipping-taxable","11":"product-type-simple"},"_links":{"self":[{"href":"https:\/\/jk-tuoretalo.kotisivut.co\/index.php\/wp-json\/wp\/v2\/product\/6615","targetHints":{"allow":["GET"]}}],"collection":[{"href":"https:\/\/jk-tuoretalo.kotisivut.co\/index.php\/wp-json\/wp\/v2\/product"}],"about":[{"href":"https:\/\/jk-tuoretalo.kotisivut.co\/index.php\/wp-json\/wp\/v2\/types\/product"}],"wp:featuredmedia":[{"embeddable":true,"href":"https:\/\/jk-tuoretalo.kotisivut.co\/index.php\/wp-json\/wp\/v2\/media\/6631"}],"wp:attachment":[{"href":"https:\/\/jk-tuoretalo.kotisivut.co\/index.php\/wp-json\/wp\/v2\/media?parent=6615"}],"wp:term":[{"taxonomy":"product_cat","embeddable":true,"href":"https:\/\/jk-tuoretalo.kotisivut.co\/index.php\/wp-json\/wp\/v2\/product_cat?post=6615"},{"taxonomy":"product_tag","embeddable":true,"href":"https:\/\/jk-tuoretalo.kotisivut.co\/index.php\/wp-json\/wp\/v2\/product_tag?post=6615"}],"curies":[{"name":"wp","href":"https:\/\/api.w.org\/{rel}","templated":true}]}}