{"id":6658,"date":"2026-03-19T11:33:03","date_gmt":"2026-03-19T09:33:03","guid":{"rendered":"https:\/\/jk-tuoretalo.kotisivut.co\/index.php\/product\/ceasar-kastike\/"},"modified":"2026-03-19T11:53:52","modified_gmt":"2026-03-19T09:53:52","slug":"ceasar-kastike","status":"publish","type":"product","link":"https:\/\/jk-tuoretalo.kotisivut.co\/index.php\/product\/ceasar-kastike\/","title":{"rendered":"Ceasar-kastike"},"content":{"rendered":"<details style=\"border:1px solid #c8dcc8;border-radius:4px;margin-bottom:8px;background:#fff\">\n<summary style=\"padding:12px 16px;cursor:pointer;font-weight:bold;font-size:15px;background:#f0f5f0;border-radius:4px\">&#9660; Ainesosat<\/summary>\n<div style=\"padding:12px 16px\">\n<p>Rypsi-rapsi\u00f6ljy, vesi, <strong data-start=\"423\" data-end=\"446\">KANANMUNANKELTAINEN<\/strong>, DIJONSINAPPI (KALIUMDISULFIITTI), <strong data-start=\"482\" data-end=\"492\">JUUSTO<\/strong>, <strong data-start=\"494\" data-end=\"505\">ANJOVIS<\/strong>, sokeri, suola, <strong data-start=\"522\" data-end=\"539\">SINAPINSIEMEN<\/strong>, worcester (sis\u00e4lt\u00e4\u00e4 <strong data-start=\"561\" data-end=\"570\">SOIJA<\/strong> ja <strong data-start=\"574\" data-end=\"588\">VEHN\u00c4JAUHO<\/strong>), sitruunamehu, sipuli, valkosipuli, muunnettu t\u00e4rkkelys, valkopippuri, happamuudens\u00e4\u00e4t\u00f6aineet (E260, E330), s\u00e4il\u00f6nt\u00e4aineet (E202, E211), stabilointiaineet (E415, E412).<\/p>\n<\/div>\n<\/details>\n<details style=\"border:1px solid #c8dcc8;border-radius:4px;margin-bottom:8px;background:#fff\">\n<summary style=\"padding:12px 16px;cursor:pointer;font-weight:bold;font-size:15px;background:#f0f5f0;border-radius:4px\">&#9660; Lis\u00e4tietoa<\/summary>\n<div style=\"padding:12px 16px\">\n<p><strong data-start=\"789\" data-end=\"809\">Valmistuspaikka:<\/strong> JK-Tuoretalo Oy, Piilivainionkuja 4, 04300 Tuusula, Suomi<br data-start=\"867\" data-end=\"870\" \/><strong data-start=\"870\" data-end=\"887\">S\u00e4ilytysohje:<\/strong> 0 \u2013 +6 \u00b0C<br data-start=\"897\" data-end=\"900\" \/><strong data-start=\"900\" data-end=\"918\">Parasta ennen:<\/strong> Katso pullon kaula<br data-start=\"937\" data-end=\"940\" \/><strong data-start=\"940\" data-end=\"954\">Lajittelu:<\/strong> Pullo ja korkki: muovinker\u00e4ykseen<\/p>\n<\/div>\n<\/details>\n<details style=\"border:1px solid #c8dcc8;border-radius:4px;margin-bottom:8px;background:#fff\">\n<summary style=\"padding:12px 16px;cursor:pointer;font-weight:bold;font-size:15px;background:#f0f5f0;border-radius:4px\">&#9660; Tuotetiedot<\/summary>\n<div style=\"padding:12px 16px\">\n<table style=\"width:100%;border-collapse:collapse;font-size:14px;margin-top:8px\">\n<tr>\n<th style=\"padding:8px 10px;border:1px solid #ccc;text-align:left;background:#eef5ee\"> <\/th>\n<th style=\"padding:8px 10px;border:1px solid #ccc;text-align:right;background:#eef5ee\">Per 100g<\/th>\n<\/tr>\n<tr>\n<td style=\"padding:6px 10px;border:1px solid #ddd\">Energia<\/td>\n<td style=\"padding:6px 10px;border:1px solid #ddd;text-align:right\">1892 kJ \/ 459 kcal<\/td>\n<\/tr>\n<tr>\n<td style=\"padding:6px 10px;border:1px solid #ddd\">Rasva<\/td>\n<td style=\"padding:6px 10px;border:1px solid #ddd;text-align:right\">47,4 g<\/td>\n<\/tr>\n<tr>\n<td style=\"padding:6px 10px;border:1px solid #ddd\">\u2013 josta tyydyttynytt\u00e4<\/td>\n<td style=\"padding:6px 10px;border:1px solid #ddd;text-align:right\">4,1 g<\/td>\n<\/tr>\n<tr>\n<td style=\"padding:6px 10px;border:1px solid #ddd\">Hiilihydraatit<\/td>\n<td style=\"padding:6px 10px;border:1px solid #ddd;text-align:right\">5,3 g<\/td>\n<\/tr>\n<tr>\n<td style=\"padding:6px 10px;border:1px solid #ddd\">\u2013 josta sokereita<\/td>\n<td style=\"padding:6px 10px;border:1px solid #ddd;text-align:right\">4,5 g<\/td>\n<\/tr>\n<tr>\n<td style=\"padding:6px 10px;border:1px solid #ddd\">Proteiini<\/td>\n<td style=\"padding:6px 10px;border:1px solid #ddd;text-align:right\">1,7 g<\/td>\n<\/tr>\n<tr>\n<td style=\"padding:6px 10px;border:1px solid #ddd\">Suola<\/td>\n<td style=\"padding:6px 10px;border:1px solid #ddd;text-align:right\">1,90 g<\/td>\n<\/tr>\n<tr>\n<td style=\"padding:6px 10px;border:1px solid #ddd\">Laktoosi<\/td>\n<td style=\"padding:6px 10px;border:1px solid #ddd;text-align:right\">0 g<\/td>\n<\/tr>\n<\/table>\n<\/div>\n<\/details>\n","protected":false},"excerpt":{"rendered":"<p>Jesse Caesar-kastike on klassikkokastike, joka tuo ravintolatason makuel\u00e4mykset suoraan kotiisi! T\u00e4ydellist\u00e4 salaattien kruunaamiseen, mutta toimii loistavasti my\u00f6s kanan, kalan tai vaikka leiv\u00e4n kanssa.Laktoositon ja gluteeniton.Huom. Tuotteessa k\u00e4ytetty vehn\u00e4 on per\u00e4isin soijakastikkeesta, joka on valmistettu fermentoimalla. N\u00e4in ollen tuotteessa oleva vehn\u00e4 pilkkoutuu ja tuote on gluteeniton.<\/p>\n","protected":false},"featured_media":6657,"template":"","meta":[],"product_cat":[88],"product_tag":[],"class_list":{"0":"post-6658","1":"product","2":"type-product","3":"status-publish","4":"has-post-thumbnail","6":"product_cat-soosit","8":"first","9":"instock","10":"shipping-taxable","11":"product-type-simple"},"_links":{"self":[{"href":"https:\/\/jk-tuoretalo.kotisivut.co\/index.php\/wp-json\/wp\/v2\/product\/6658","targetHints":{"allow":["GET"]}}],"collection":[{"href":"https:\/\/jk-tuoretalo.kotisivut.co\/index.php\/wp-json\/wp\/v2\/product"}],"about":[{"href":"https:\/\/jk-tuoretalo.kotisivut.co\/index.php\/wp-json\/wp\/v2\/types\/product"}],"wp:featuredmedia":[{"embeddable":true,"href":"https:\/\/jk-tuoretalo.kotisivut.co\/index.php\/wp-json\/wp\/v2\/media\/6657"}],"wp:attachment":[{"href":"https:\/\/jk-tuoretalo.kotisivut.co\/index.php\/wp-json\/wp\/v2\/media?parent=6658"}],"wp:term":[{"taxonomy":"product_cat","embeddable":true,"href":"https:\/\/jk-tuoretalo.kotisivut.co\/index.php\/wp-json\/wp\/v2\/product_cat?post=6658"},{"taxonomy":"product_tag","embeddable":true,"href":"https:\/\/jk-tuoretalo.kotisivut.co\/index.php\/wp-json\/wp\/v2\/product_tag?post=6658"}],"curies":[{"name":"wp","href":"https:\/\/api.w.org\/{rel}","templated":true}]}}