{"id":6664,"date":"2026-03-19T11:33:10","date_gmt":"2026-03-19T09:33:10","guid":{"rendered":"https:\/\/jk-tuoretalo.kotisivut.co\/index.php\/product\/korean-bbq-kastike\/"},"modified":"2026-03-19T11:53:48","modified_gmt":"2026-03-19T09:53:48","slug":"korean-bbq-kastike","status":"publish","type":"product","link":"https:\/\/jk-tuoretalo.kotisivut.co\/index.php\/product\/korean-bbq-kastike\/","title":{"rendered":"Korean BBQ -kastike"},"content":{"rendered":"<details style=\"border:1px solid #c8dcc8;border-radius:4px;margin-bottom:8px;background:#fff\">\n<summary style=\"padding:12px 16px;cursor:pointer;font-weight:bold;font-size:15px;background:#f0f5f0;border-radius:4px\">&#9660; Ainesosat<\/summary>\n<div style=\"padding:12px 16px\">\n<p>Vesi, <strong data-start=\"414\" data-end=\"430\">SOIJAKASTIKE<\/strong> (vesi, <strong data-start=\"438\" data-end=\"456\">SOIJAPROTEIINI, <\/strong>hydrolysaatti, suola), chilitahna (chili, suola, s\u00e4il\u00f6nt\u00e4aineet: E260 ja E202), inkiv\u00e4\u00e4ritahna (inkiv\u00e4\u00e4ri, etikka), <strong data-start=\"572\" data-end=\"589\">SOIJAPAPU\u00d6LJY<\/strong>, sokeri, suola, happamuudens\u00e4\u00e4t\u00f6aineet (E330 ja E300), riisiviinietikka, valkosipuli, omenaviinietikka, rapsi\u00f6ljy, muunnettu maissit\u00e4rkkelys, omenasose, mausteet (sipuli, mustapippuri, gochugaru-chili), aromit, v\u00e4ri (E150c).<\/p>\n<\/div>\n<\/details>\n<details style=\"border:1px solid #c8dcc8;border-radius:4px;margin-bottom:8px;background:#fff\">\n<summary style=\"padding:12px 16px;cursor:pointer;font-weight:bold;font-size:15px;background:#f0f5f0;border-radius:4px\">&#9660; Lis\u00e4tietoa<\/summary>\n<div style=\"padding:12px 16px\">\n<p><strong data-start=\"732\" data-end=\"752\">Valmistuspaikka:<\/strong> JK-Tuoretalo Oy, Piilivainionkuja 4, 04300 Tuusula, Suomi<br data-start=\"810\" data-end=\"813\" \/><strong data-start=\"813\" data-end=\"830\">S\u00e4ilytysohje:<\/strong> 0 \u2013 +6 \u00b0C<br data-start=\"840\" data-end=\"843\" \/><strong data-start=\"843\" data-end=\"861\">Parasta ennen:<\/strong> Katso pullon kaula<\/p>\n<\/div>\n<\/details>\n<details style=\"border:1px solid #c8dcc8;border-radius:4px;margin-bottom:8px;background:#fff\">\n<summary style=\"padding:12px 16px;cursor:pointer;font-weight:bold;font-size:15px;background:#f0f5f0;border-radius:4px\">&#9660; Tuotetiedot<\/summary>\n<div style=\"padding:12px 16px\">\n<table style=\"width:100%;border-collapse:collapse;font-size:14px;margin-top:8px\">\n<tr>\n<th style=\"padding:8px 10px;border:1px solid #ccc;text-align:left;background:#eef5ee\"> <\/th>\n<th style=\"padding:8px 10px;border:1px solid #ccc;text-align:right;background:#eef5ee\">Per 100g<\/th>\n<\/tr>\n<tr>\n<td style=\"padding:6px 10px;border:1px solid #ddd\">Energia<\/td>\n<td style=\"padding:6px 10px;border:1px solid #ddd;text-align:right\">604 kJ \/ 144 kcal<\/td>\n<\/tr>\n<tr>\n<td style=\"padding:6px 10px;border:1px solid #ddd\">Rasva<\/td>\n<td style=\"padding:6px 10px;border:1px solid #ddd;text-align:right\">2,4 g<\/td>\n<\/tr>\n<tr>\n<td style=\"padding:6px 10px;border:1px solid #ddd\">\u2013 josta tyydyttynytt\u00e4<\/td>\n<td style=\"padding:6px 10px;border:1px solid #ddd;text-align:right\">0,2 g<\/td>\n<\/tr>\n<tr>\n<td style=\"padding:6px 10px;border:1px solid #ddd\">Hiilihydraatit<\/td>\n<td style=\"padding:6px 10px;border:1px solid #ddd;text-align:right\">28,0 g<\/td>\n<\/tr>\n<tr>\n<td style=\"padding:6px 10px;border:1px solid #ddd\">\u2013 josta sokereita<\/td>\n<td style=\"padding:6px 10px;border:1px solid #ddd;text-align:right\">24,0 g<\/td>\n<\/tr>\n<tr>\n<td style=\"padding:6px 10px;border:1px solid #ddd\">Proteiini<\/td>\n<td style=\"padding:6px 10px;border:1px solid #ddd;text-align:right\">1,9 g<\/td>\n<\/tr>\n<tr>\n<td style=\"padding:6px 10px;border:1px solid #ddd\">Suola<\/td>\n<td style=\"padding:6px 10px;border:1px solid #ddd;text-align:right\">2,20 g<\/td>\n<\/tr>\n<tr>\n<td style=\"padding:6px 10px;border:1px solid #ddd\">Laktoosi<\/td>\n<td style=\"padding:6px 10px;border:1px solid #ddd;text-align:right\">0 g<\/td>\n<\/tr>\n<\/table>\n<\/div>\n<\/details>\n","protected":false},"excerpt":{"rendered":"<p>Jesse Korean BBQ-kastike on it\u00e4maisen keitti\u00f6n inspiroima, makean ja mausteisen kastikkeen yhdistelm\u00e4. Sill\u00e4 annat upean s\u00e4v\u00e4yksen grilliliharuoille, wokkeihin tai jopa hampurilaisille \u2013 nappaa suosikki korealaiseen tyyliin!Laktoositon ja gluteeniton.<\/p>\n","protected":false},"featured_media":6663,"template":"","meta":[],"product_cat":[88],"product_tag":[],"class_list":{"0":"post-6664","1":"product","2":"type-product","3":"status-publish","4":"has-post-thumbnail","6":"product_cat-soosit","8":"first","9":"instock","10":"shipping-taxable","11":"product-type-simple"},"_links":{"self":[{"href":"https:\/\/jk-tuoretalo.kotisivut.co\/index.php\/wp-json\/wp\/v2\/product\/6664","targetHints":{"allow":["GET"]}}],"collection":[{"href":"https:\/\/jk-tuoretalo.kotisivut.co\/index.php\/wp-json\/wp\/v2\/product"}],"about":[{"href":"https:\/\/jk-tuoretalo.kotisivut.co\/index.php\/wp-json\/wp\/v2\/types\/product"}],"wp:featuredmedia":[{"embeddable":true,"href":"https:\/\/jk-tuoretalo.kotisivut.co\/index.php\/wp-json\/wp\/v2\/media\/6663"}],"wp:attachment":[{"href":"https:\/\/jk-tuoretalo.kotisivut.co\/index.php\/wp-json\/wp\/v2\/media?parent=6664"}],"wp:term":[{"taxonomy":"product_cat","embeddable":true,"href":"https:\/\/jk-tuoretalo.kotisivut.co\/index.php\/wp-json\/wp\/v2\/product_cat?post=6664"},{"taxonomy":"product_tag","embeddable":true,"href":"https:\/\/jk-tuoretalo.kotisivut.co\/index.php\/wp-json\/wp\/v2\/product_tag?post=6664"}],"curies":[{"name":"wp","href":"https:\/\/api.w.org\/{rel}","templated":true}]}}