{"id":6666,"date":"2026-03-19T11:33:12","date_gmt":"2026-03-19T09:33:12","guid":{"rendered":"https:\/\/jk-tuoretalo.kotisivut.co\/index.php\/product\/sinappinen-kastike\/"},"modified":"2026-03-19T11:53:47","modified_gmt":"2026-03-19T09:53:47","slug":"sinappinen-kastike","status":"publish","type":"product","link":"https:\/\/jk-tuoretalo.kotisivut.co\/index.php\/product\/sinappinen-kastike\/","title":{"rendered":"Sinappinen kastike"},"content":{"rendered":"<details style=\"border:1px solid #c8dcc8;border-radius:4px;margin-bottom:8px;background:#fff\">\n<summary style=\"padding:12px 16px;cursor:pointer;font-weight:bold;font-size:15px;background:#f0f5f0;border-radius:4px\">&#9660; Ainesosat<\/summary>\n<div style=\"padding:12px 16px\">\n<p>Rypsi-rapsi\u00f6ljy, vesi, <strong data-start=\"433\" data-end=\"444\">SINAPPI<\/strong>, sokeri, appelsiinimehu, dijon, <strong data-start=\"475\" data-end=\"486\">SINAPPI, <\/strong> (KALIUMDISULFIITTI), valkoviinietikka, punaviinietikka, suola, happamuudens\u00e4\u00e4t\u00f6aine (E330), s\u00e4il\u00f6nt\u00e4aineet (E202, E211), stabilointiaineet (E412, E415).<\/p>\n<\/div>\n<\/details>\n<details style=\"border:1px solid #c8dcc8;border-radius:4px;margin-bottom:8px;background:#fff\">\n<summary style=\"padding:12px 16px;cursor:pointer;font-weight:bold;font-size:15px;background:#f0f5f0;border-radius:4px\">&#9660; Lis\u00e4tietoa<\/summary>\n<div style=\"padding:12px 16px\">\n<p><strong data-start=\"732\" data-end=\"752\">Valmistuspaikka:<\/strong> JK-Tuoretalo Oy, Piilivainionkuja 4, 04300 Tuusula, Suomi<br data-start=\"810\" data-end=\"813\" \/><strong data-start=\"813\" data-end=\"830\">S\u00e4ilytysohje:<\/strong> 0 \u2013 +6 \u00b0C<br data-start=\"840\" data-end=\"843\" \/><strong data-start=\"843\" data-end=\"861\">Parasta ennen:<\/strong> Katso pullon kaula<\/p>\n<\/div>\n<\/details>\n<details style=\"border:1px solid #c8dcc8;border-radius:4px;margin-bottom:8px;background:#fff\">\n<summary style=\"padding:12px 16px;cursor:pointer;font-weight:bold;font-size:15px;background:#f0f5f0;border-radius:4px\">&#9660; Tuotetiedot<\/summary>\n<div style=\"padding:12px 16px\">\n<table style=\"width:100%;border-collapse:collapse;font-size:14px;margin-top:8px\">\n<tr>\n<th style=\"padding:8px 10px;border:1px solid #ccc;text-align:left;background:#eef5ee\"> <\/th>\n<th style=\"padding:8px 10px;border:1px solid #ccc;text-align:right;background:#eef5ee\">Per 100g<\/th>\n<\/tr>\n<tr>\n<td style=\"padding:6px 10px;border:1px solid #ddd\">Energia<\/td>\n<td style=\"padding:6px 10px;border:1px solid #ddd;text-align:right\">2304 kJ \/ 489 kcal<\/td>\n<\/tr>\n<tr>\n<td style=\"padding:6px 10px;border:1px solid #ddd\">Rasva<\/td>\n<td style=\"padding:6px 10px;border:1px solid #ddd;text-align:right\">50,5 g<\/td>\n<\/tr>\n<tr>\n<td style=\"padding:6px 10px;border:1px solid #ddd\">\u2013 josta tyydyttynytt\u00e4<\/td>\n<td style=\"padding:6px 10px;border:1px solid #ddd;text-align:right\">3,5 g<\/td>\n<\/tr>\n<tr>\n<td style=\"padding:6px 10px;border:1px solid #ddd\">Hiilihydraatit<\/td>\n<td style=\"padding:6px 10px;border:1px solid #ddd;text-align:right\">8,5 g<\/td>\n<\/tr>\n<tr>\n<td style=\"padding:6px 10px;border:1px solid #ddd\">\u2013 josta sokereita<\/td>\n<td style=\"padding:6px 10px;border:1px solid #ddd;text-align:right\">7,7 g<\/td>\n<\/tr>\n<tr>\n<td style=\"padding:6px 10px;border:1px solid #ddd\">Proteiini<\/td>\n<td style=\"padding:6px 10px;border:1px solid #ddd;text-align:right\">1,0 g<\/td>\n<\/tr>\n<tr>\n<td style=\"padding:6px 10px;border:1px solid #ddd\">Suola<\/td>\n<td style=\"padding:6px 10px;border:1px solid #ddd;text-align:right\">1,19 g<\/td>\n<\/tr>\n<tr>\n<td style=\"padding:6px 10px;border:1px solid #ddd\">Laktoosi<\/td>\n<td style=\"padding:6px 10px;border:1px solid #ddd;text-align:right\">0 g<\/td>\n<\/tr>\n<\/table>\n<\/div>\n<\/details>\n","protected":false},"excerpt":{"rendered":"<p>Jesse Sinappinen kastike on erinomainen yleiskastike joka tuo annoksiisi t\u00e4ydellisen yhdistelm\u00e4n sinapin mausteisuutta ja t\u00e4ytel\u00e4isyytt\u00e4! Sinappinen kastike sopii loistavasti mm. salaatteihin, grilliherkkujen kylkeen, kebabiin ja savukalalle sek\u00e4 perinteisten voileipien maustamiseen \u2013 kokeile ja ihastu!Laktoositon ja gluteeniton.<\/p>\n","protected":false},"featured_media":6665,"template":"","meta":[],"product_cat":[88],"product_tag":[],"class_list":{"0":"post-6666","1":"product","2":"type-product","3":"status-publish","4":"has-post-thumbnail","6":"product_cat-soosit","8":"first","9":"instock","10":"shipping-taxable","11":"product-type-simple"},"_links":{"self":[{"href":"https:\/\/jk-tuoretalo.kotisivut.co\/index.php\/wp-json\/wp\/v2\/product\/6666","targetHints":{"allow":["GET"]}}],"collection":[{"href":"https:\/\/jk-tuoretalo.kotisivut.co\/index.php\/wp-json\/wp\/v2\/product"}],"about":[{"href":"https:\/\/jk-tuoretalo.kotisivut.co\/index.php\/wp-json\/wp\/v2\/types\/product"}],"wp:featuredmedia":[{"embeddable":true,"href":"https:\/\/jk-tuoretalo.kotisivut.co\/index.php\/wp-json\/wp\/v2\/media\/6665"}],"wp:attachment":[{"href":"https:\/\/jk-tuoretalo.kotisivut.co\/index.php\/wp-json\/wp\/v2\/media?parent=6666"}],"wp:term":[{"taxonomy":"product_cat","embeddable":true,"href":"https:\/\/jk-tuoretalo.kotisivut.co\/index.php\/wp-json\/wp\/v2\/product_cat?post=6666"},{"taxonomy":"product_tag","embeddable":true,"href":"https:\/\/jk-tuoretalo.kotisivut.co\/index.php\/wp-json\/wp\/v2\/product_tag?post=6666"}],"curies":[{"name":"wp","href":"https:\/\/api.w.org\/{rel}","templated":true}]}}