{"id":6683,"date":"2026-03-21T11:52:13","date_gmt":"2026-03-21T09:52:13","guid":{"rendered":"https:\/\/jk-tuoretalo.kotisivut.co\/index.php\/product\/jesse-remoulademajo-45-ml\/"},"modified":"2026-03-21T11:55:38","modified_gmt":"2026-03-21T09:55:38","slug":"jesse-remoulademajo-45-ml","status":"publish","type":"product","link":"https:\/\/jk-tuoretalo.kotisivut.co\/index.php\/product\/jesse-remoulademajo-45-ml\/","title":{"rendered":"Jesse Remoulademajo 45 ml"},"content":{"rendered":"<details style=\"border:1px solid #c8dcc8;border-radius:4px;margin-bottom:8px;background:#fff\">\n<summary style=\"padding:12px 16px;cursor:pointer;font-weight:bold;font-size:15px;background:#f0f5f0;border-radius:4px\">&#9660; Tuotetiedot<\/summary>\n<div style=\"padding:12px 16px\">\n<table style=\"width:100%;border-collapse:collapse;font-size:14px;margin-top:8px\">\n<tr>\n<th style=\"padding:8px 10px;border:1px solid #ccc;text-align:left;background:#eef5ee\"> <\/th>\n<th style=\"padding:8px 10px;border:1px solid #ccc;text-align:right;background:#eef5ee\">Per 100g<\/th>\n<th style=\"padding:8px 10px;border:1px solid #ccc;text-align:right;background:#eef5ee\">Annoksessa (15g)<\/th>\n<\/tr>\n<tr>\n<td style=\"padding:6px 10px;border:1px solid #ddd\">Energia\/energi (kJ)<\/td>\n<td style=\"padding:6px 10px;border:1px solid #ddd;text-align:right\">2154 kJ<\/td>\n<td style=\"padding:6px 10px;border:1px solid #ddd;text-align:right\">323,1 kJ<\/td>\n<\/tr>\n<tr>\n<td style=\"padding:6px 10px;border:1px solid #ddd\">Energia\/energi (kcal)<\/td>\n<td style=\"padding:6px 10px;border:1px solid #ddd;text-align:right\">523 kcal<\/td>\n<td style=\"padding:6px 10px;border:1px solid #ddd;text-align:right\">78,5 kcal<\/td>\n<\/tr>\n<tr>\n<td style=\"padding:6px 10px;border:1px solid #ddd\">Rasva\/fett<\/td>\n<td style=\"padding:6px 10px;border:1px solid #ddd;text-align:right\">54,9 g<\/td>\n<td style=\"padding:6px 10px;border:1px solid #ddd;text-align:right\">8,2 g<\/td>\n<\/tr>\n<tr>\n<td style=\"padding:6px 10px;border:1px solid #ddd\">josta tyydyttynytt\u00e4\/varav m\u00e4ttat fett<\/td>\n<td style=\"padding:6px 10px;border:1px solid #ddd;text-align:right\">4,2 g<\/td>\n<td style=\"padding:6px 10px;border:1px solid #ddd;text-align:right\">0,6 g<\/td>\n<\/tr>\n<tr>\n<td style=\"padding:6px 10px;border:1px solid #ddd\">Hiilihydraatit\/kolhydrat<\/td>\n<td style=\"padding:6px 10px;border:1px solid #ddd;text-align:right\">6,1 g<\/td>\n<td style=\"padding:6px 10px;border:1px solid #ddd;text-align:right\">0,9 g<\/td>\n<\/tr>\n<tr>\n<td style=\"padding:6px 10px;border:1px solid #ddd\">josta sokereita\/varav socker<\/td>\n<td style=\"padding:6px 10px;border:1px solid #ddd;text-align:right\">5,7 g<\/td>\n<td style=\"padding:6px 10px;border:1px solid #ddd;text-align:right\">0,8 g<\/td>\n<\/tr>\n<tr>\n<td style=\"padding:6px 10px;border:1px solid #ddd\">Proteiini\/protein<\/td>\n<td style=\"padding:6px 10px;border:1px solid #ddd;text-align:right\">1,1 g<\/td>\n<td style=\"padding:6px 10px;border:1px solid #ddd;text-align:right\">0,2 g<\/td>\n<\/tr>\n<tr>\n<td style=\"padding:6px 10px;border:1px solid #ddd\">Suola\/salt<\/td>\n<td style=\"padding:6px 10px;border:1px solid #ddd;text-align:right\">1,00 g<\/td>\n<td style=\"padding:6px 10px;border:1px solid #ddd;text-align:right\">0,15 g<\/td>\n<\/tr>\n<\/table>\n<\/div>\n<\/details>\n<details style=\"border:1px solid #c8dcc8;border-radius:4px;margin-bottom:8px;background:#fff\">\n<summary style=\"padding:12px 16px;cursor:pointer;font-weight:bold;font-size:15px;background:#f0f5f0;border-radius:4px\">&#9660; Ainesosat<\/summary>\n<div style=\"padding:12px 16px\">\n<p>Rypsi\u00f6ljy (Suomi), vesi, kurkku, sokeri, porkkana,<b>\u00a0keltuainen, sinappi,\u00a0<\/b>paprika, sipuli, suola, mustapippuri, happamuudens\u00e4\u00e4t\u00f6aineet (E260, E330), s\u00e4il\u00f6nt\u00e4aineet (E202, E211), stabilointiaineet (E415, E412).<\/p>\n<\/div>\n<\/details>\n","protected":false},"excerpt":{"rendered":"<p>Jesse Remoulademajo on maukas ja monik\u00e4ytt\u00f6inen kasvismajoneesi. Laktoositon ja gluteeniton.<\/p>\n","protected":false},"featured_media":6694,"template":"","meta":[],"product_cat":[90],"product_tag":[],"class_list":{"0":"post-6683","1":"product","2":"type-product","3":"status-publish","4":"has-post-thumbnail","6":"product_cat-dipit","8":"first","9":"instock","10":"shipping-taxable","11":"product-type-simple"},"_links":{"self":[{"href":"https:\/\/jk-tuoretalo.kotisivut.co\/index.php\/wp-json\/wp\/v2\/product\/6683","targetHints":{"allow":["GET"]}}],"collection":[{"href":"https:\/\/jk-tuoretalo.kotisivut.co\/index.php\/wp-json\/wp\/v2\/product"}],"about":[{"href":"https:\/\/jk-tuoretalo.kotisivut.co\/index.php\/wp-json\/wp\/v2\/types\/product"}],"wp:featuredmedia":[{"embeddable":true,"href":"https:\/\/jk-tuoretalo.kotisivut.co\/index.php\/wp-json\/wp\/v2\/media\/6694"}],"wp:attachment":[{"href":"https:\/\/jk-tuoretalo.kotisivut.co\/index.php\/wp-json\/wp\/v2\/media?parent=6683"}],"wp:term":[{"taxonomy":"product_cat","embeddable":true,"href":"https:\/\/jk-tuoretalo.kotisivut.co\/index.php\/wp-json\/wp\/v2\/product_cat?post=6683"},{"taxonomy":"product_tag","embeddable":true,"href":"https:\/\/jk-tuoretalo.kotisivut.co\/index.php\/wp-json\/wp\/v2\/product_tag?post=6683"}],"curies":[{"name":"wp","href":"https:\/\/api.w.org\/{rel}","templated":true}]}}